{"id":2240,"date":"2022-06-06T07:55:14","date_gmt":"2022-06-06T07:55:14","guid":{"rendered":"https:\/\/humbrall.com\/inicio\/?page_id=2240"},"modified":"2023-04-14T05:21:16","modified_gmt":"2023-04-14T05:21:16","slug":"aviso-de-privacidad","status":"publish","type":"page","link":"https:\/\/www.humbrall.com\/inicio\/index.php\/aviso-de-privacidad\/","title":{"rendered":"Aviso de Privacidad"},"content":{"rendered":"<p>[et_pb_section fb_built=\u00bb1&#8243; _builder_version=\u00bb4.16&#8243; _module_preset=\u00bbdefault\u00bb background_color_gradient_direction=\u00bb135deg\u00bb background_color_gradient_stops=\u00bb#0c71c3 0%|#2fa01b 100%\u00bb background_color_gradient_start=\u00bb#0c71c3&#8243; background_color_gradient_end=\u00bb#2fa01b\u00bb transform_scale=\u00bb125%|125%\u00bb width=\u00bb100%\u00bb width_tablet=\u00bb\u00bb width_phone=\u00bb100%\u00bb width_last_edited=\u00bbon|phone\u00bb max_width=\u00bb100%\u00bb max_width_tablet=\u00bb\u00bb max_width_phone=\u00bb\u00bb max_width_last_edited=\u00bbon|phone\u00bb custom_margin=\u00bb-35px||||false|false\u00bb top_divider_style_tablet=\u00bb\u00bb top_divider_style_phone=\u00bb\u00bb top_divider_style_last_edited=\u00bbon|phone\u00bb bottom_divider_color=\u00bb#FFFFFF\u00bb bottom_divider_flip=\u00bbvertical\u00bb bottom_divider_style_tablet=\u00bbnone\u00bb bottom_divider_style_phone=\u00bbnone\u00bb bottom_divider_style_last_edited=\u00bbon|desktop\u00bb bottom_divider_color_tablet=\u00bb\u00bb bottom_divider_color_phone=\u00bb\u00bb bottom_divider_color_last_edited=\u00bbon|phone\u00bb bottom_divider_flip_tablet=\u00bb\u00bb bottom_divider_flip_phone=\u00bb\u00bb bottom_divider_flip_last_edited=\u00bbon|desktop\u00bb background_last_edited=\u00bbon|desktop\u00bb background_color_gradient_stops_phone=\u00bb#0c71c3 0%|#1f9b18 100%\u00bb background_color_gradient_end_phone=\u00bb#1f9b18&#8243; global_colors_info=\u00bb{}\u00bb][et_pb_row _builder_version=\u00bb4.16&#8243; _module_preset=\u00bbdefault\u00bb background_last_edited=\u00bbon|phone\u00bb global_colors_info=\u00bb{}\u00bb][et_pb_column type=\u00bb4_4&#8243; _builder_version=\u00bb4.16&#8243; _module_preset=\u00bbdefault\u00bb global_colors_info=\u00bb{}\u00bb][et_pb_text content_tablet=\u00bb<\/p>\n<h3 style=%22text-align: left;%22><span style=%22color: #ffffff;%22><strong> Aviso de Privacidad<\/strong><\/span><\/h3>\n<p>\u00bb content_phone=\u00bb<\/p>\n<h3><span style=%22color: #ffffff;%22><strong> Aviso de Privacidad<\/strong><\/span><\/h3>\n<p>\u00bb content_last_edited=\u00bbon|tablet\u00bb _builder_version=\u00bb4.20.4&#8243; _module_preset=\u00bbdefault\u00bb text_font_size=\u00bb30px\u00bb custom_margin=\u00bb4px|||20px|false|false\u00bb custom_margin_tablet=\u00bb-11px||||false|false\u00bb custom_margin_phone=\u00bb|||11px|false|false\u00bb custom_margin_last_edited=\u00bbon|phone\u00bb hover_enabled=\u00bb0&#8243; text_font_size_tablet=\u00bb25px\u00bb text_font_size_phone=\u00bb25px\u00bb text_font_size_last_edited=\u00bbon|desktop\u00bb global_colors_info=\u00bb{}\u00bb sticky_enabled=\u00bb0&#8243;]<\/p>\n<p style=\"text-align: left;\"><span style=\"color: #ffffff;\"><strong>\u00a0Aviso de Privacidad<\/strong><\/span><\/p>\n<p>[\/et_pb_text][\/et_pb_column][\/et_pb_row][\/et_pb_section][et_pb_section fb_built=\u00bb1&#8243; _builder_version=\u00bb4.16&#8243; _module_preset=\u00bbdefault\u00bb use_background_color_gradient=\u00bboff\u00bb height=\u00bbauto\u00bb custom_margin=\u00bb||||false|false\u00bb custom_padding=\u00bb0px|||||\u00bb use_background_color_gradient_tablet=\u00bboff\u00bb use_background_color_gradient_phone=\u00bboff\u00bb global_colors_info=\u00bb{}\u00bb][et_pb_row _builder_version=\u00bb4.16&#8243; _module_preset=\u00bbdefault\u00bb global_colors_info=\u00bb{}\u00bb][et_pb_column type=\u00bb4_4&#8243; _builder_version=\u00bb4.16&#8243; _module_preset=\u00bbdefault\u00bb global_colors_info=\u00bb{}\u00bb][et_pb_text _builder_version=\u00bb4.16&#8243; _module_preset=\u00bbdefault\u00bb global_colors_info=\u00bb{}\u00bb]<\/p>\n<p style=\"text-align: justify;\"><strong>Humbrall, S.A de C.V.<\/strong><\/p>\n<p style=\"text-align: justify;\">Humbrall, S.A. de C.V. es una sociedad constituida con leyes de los Estados Unidos Mexicanos, con domicilio en Calle Cuchilla N\u00famero 23, Col. San Miguel Xochimanga, Atizap\u00e1n de Zaragoza, Estado de M\u00e9xico, C.P. 52927.<\/p>\n<p style=\"text-align: justify;\">Como parte de la pol\u00edtica de Humbrall, S.A. de C.V. (en lo sucesivo referido indistintamente como \u201cHumbrall\u201d) se respeta y se protege la privacidad de sus clientes y proveedores, as\u00ed como de todas las personas titulares de los datos que tengamos a nuestra disposici\u00f3n por motivos de su relaci\u00f3n laboral as\u00ed como de las obligaciones contra\u00eddas ante la empresa.<\/p>\n<p style=\"text-align: justify;\">La confidencialidad y efectiva protecci\u00f3n de dicha informaci\u00f3n, es primordial para Humbrall, quien mantendr\u00e1 una protecci\u00f3n adecuada de conformidad con los principios y obligaciones previstos en la Ley Federal de Protecci\u00f3n de Datos Personales en Posesi\u00f3n de Particulares (LFPDPPP), publicada en el Diario Oficial de la Federaci\u00f3n el 5 de julio de 2010 y de mas normatividad aplicable, a efecto de asegurar la seguridad, integridad y privacidad de la informaci\u00f3n de los usuarios compilada en el sitio y\/o en los contratos.<\/p>\n<p style=\"text-align: justify;\"><strong>Datos personales de identificaci\u00f3n <\/strong><\/p>\n<p style=\"text-align: justify;\">Los datos personales que recabamos son:<\/p>\n<p style=\"text-align: justify;\">Datos de identificaci\u00f3n.<\/p>\n<ol style=\"text-align: justify;\">\n<li>Nombre y Apellido<\/li>\n<li>Domicilio completo<\/li>\n<li>Tel\u00e9fono(s)<\/li>\n<li>Correo(s) electr\u00f3nico(s)<\/li>\n<li>RFC y\/o CURP<\/li>\n<li>Edad<\/li>\n<li>Sexo<\/li>\n<li>De seguro social<\/li>\n<\/ol>\n<p style=\"text-align: justify;\">Los datos personales sensibles que recabamos son:<\/p>\n<ol style=\"text-align: justify;\">\n<li>H\u00e1bitos personales<\/li>\n<li>Estado de salud actual<\/li>\n<li>Tipo de sangre<\/li>\n<li>Grado escolar<\/li>\n<li>Trayectoria laboral<\/li>\n<li>Situaci\u00f3n patrimonial (vivienda propia o rentada)<\/li>\n<li>Lugar de nacimiento<\/li>\n<\/ol>\n<p style=\"text-align: justify;\"><strong>Finalidades <\/strong><\/p>\n<p style=\"text-align: justify;\"><strong>Primarias<\/strong> (aquellas que dan origen al a recolecci\u00f3n jur\u00eddica)<\/p>\n<p style=\"text-align: justify;\">Recopilamos sus datos personales y datos personales sensibles por lo que solicitamos su consentimiento a trav\u00e9s del presente aviso de privacidad con el objeto de utilizarlos para los siguientes fines:<\/p>\n<ol style=\"text-align: justify;\">\n<li>Para realizar todas las gestiones internas necesarias relacionadas con la relaci\u00f3n comercial vigente, incluyendo cuestiones de contrataci\u00f3n, pagos.<\/li>\n<\/ol>\n<p style=\"text-align: justify;\"><strong>Medios que ponemos a su disposici\u00f3n para que pueda ejercer sus derechos ARCO<\/strong><\/p>\n<p style=\"text-align: justify;\">Es importante informarle que usted tiene derecho al <strong>Acceso, Rectificaci\u00f3n, Cancelaci\u00f3n, <\/strong>de sus datos personales, as\u00ed como la <strong>Oposici\u00f3n <\/strong>al tratamiento de los mismos y\/o a revocar el consentimiento que para dicho fin nos haya otorgado a trav\u00e9s de los procedimientos que hemos implementado. Para conocer dichos procedimientos, requisitos y plazos, se puede poner en contacto con nuestro departamento de Soporte Corporativo con domicilio en Calle Cuchilla No.23, San Miguel Xochimanga, Atizap\u00e1n de Zaragoza, Estado de M\u00e9xico, C.P.52927. Tel\u00e9fono 19400800 ext. 804, correo electr\u00f3nico <a href=\"mailto:privacidad@humbrall.com\">privacidad@humbrall.com<\/a><\/p>\n<p style=\"text-align: justify;\">La recolecci\u00f3n que realiza Humbrall es de buena fe y por motivo presume que los mismos son ver\u00eddicos, correctos, completos e identifican al titular que los suministra y\/o provee. Por lo tanto es responsabilidad del titular, que los datos que este le proporcione a Humbrall, cumplan con tales caracter\u00edsticas y se actualicen en la medida que se requiera. De igual forma, Humbrall se reserva el derecho de ejercer las acciones que considere pertinentes en caso de falsedad de datos.<\/p>\n<p style=\"text-align: justify;\"><strong>Limitar el uso y divulgaci\u00f3n de informaci\u00f3n a terceros.<\/strong><\/p>\n<p style=\"text-align: justify;\">Humbrall no est\u00e1 en el negocio de vender su informaci\u00f3n personal a otras entidades.<\/p>\n<p style=\"text-align: justify;\">Humbrall no revela informaci\u00f3n personal identificable sobre el titular a terceros no afiliados, a menos que:<\/p>\n<ol style=\"text-align: justify;\">\n<li>El titular lo solicite o autorice<\/li>\n<li>La informaci\u00f3n es provista para ayudar a completar una transacci\u00f3n para el titular<\/li>\n<li>La informaci\u00f3n que se proporciona para cumplir con la Ley, los reglamentos aplicables, \u00f3rdenes judiciales o citaciones para hacer cumplir nuestras condiciones de uso y otros acuerdos o para proteger nuestros derechos, propiedad o seguridad de nuestros usuarios o terceros.<\/li>\n<\/ol>\n<p style=\"text-align: justify;\"><strong>Transferencias<\/strong><\/p>\n<p style=\"text-align: justify;\">As\u00ed mismo le informamos que sus datos personales pueden ser transferidos y tratados dentro y fuera del pa\u00eds, por personas distintas a esta empresa. En este sentido, su informaci\u00f3n puede ser compartida con empresas representantes de Humbrall y por Humbrall, para finalidades laborales y comerciales. Si usted no manifiesta su oposici\u00f3n para que sus datos personales sean transferidos, se entender\u00e1 que ha otorgado su consentimiento para ello.<\/p>\n<p style=\"text-align: justify;\"><strong>Inaplicabilidad de las pol\u00edticas de privacidad de cualquier sitio vinculado o de otras partes<\/strong><\/p>\n<p style=\"text-align: justify;\">El sitio web de Humbrall pude contener enlaces a otros sitios como distribuidores y representantes de ventas nacionales e internacionales. Esta pol\u00edtica de privacidad solo se refiere al uso de Humbrall y divulgaci\u00f3n de su informaci\u00f3n de identificaci\u00f3n personal recopilada en este sitio. Aunque tratamos de mantener enlaces con sitios que comparten nuestros est\u00e1ndares y respeto por la privacidad, no somos responsables de las pr\u00e1cticas de privacidad de terceros o del contenido de dichos sitios vinculados, y le animamos a leer las pol\u00edticas de privacidad y los t\u00e9rminos y condiciones de dichas partes o sitios web<\/p>\n<p style=\"text-align: justify;\"><strong>Modificaci\u00f3n al Aviso de Privacidad<\/strong><\/p>\n<p style=\"text-align: justify;\">Humbrall expresamente se reserva el derecho de cambiar o modificar del presente <strong>\u201cAviso\u201d<\/strong> en cualquier momento, en tal caso Humbrall publicar\u00e1 oportunamente en si sitio web <a href=\"http:\/\/www.humbrall.com\">http:\/\/www.humbrall.com<\/a> las modificaciones que se practiquen al <strong>\u201cAviso\u201d<\/strong><\/p>\n<p style=\"text-align: justify;\">En medida que el titular no solicite, en los t\u00e9rminos antes mencionados la oposici\u00f3n de sus datos personales y contin\u00fae accediendo y\/o utilizando, parcial o totalmente los servicios, implicara que ha aceptado y consentido tales cambios y\/o modificaciones.<\/p>\n<p style=\"text-align: justify;\"><strong>Aceptaci\u00f3n de los t\u00e9rminos<\/strong><\/p>\n<p style=\"text-align: justify;\">Al proporcionar sus datos personales a Humbrall, el titular expresamente reconoce y acepta los t\u00e9rminos y condiciones del presente <strong>\u201cAviso\u201d,<\/strong> seg\u00fan el mismo pueda ser modificado o ajustado de tiempo en tiempo y otorga su consentimiento para que Humbrall proceda con el procesamiento de sus datos personales de la forma que se explica en el presente, en caso de que el titular no acepte el presente <strong>\u201cAviso\u201d<\/strong>, podr\u00e1 ejercer los derechos que le confiere la Ley, seg\u00fan se describe anteriormente.<\/p>\n<p style=\"text-align: justify;\">\n<p style=\"text-align: justify;\"><strong>Fecha de \u00faltima actualizaci\u00f3n:<\/strong> Octubre 2014<\/p>\n<p>[\/et_pb_text][\/et_pb_column][\/et_pb_row][\/et_pb_section]<\/p>\n","protected":false},"excerpt":{"rendered":"<p>\u00a0Aviso de PrivacidadHumbrall, S.A de C.V. Humbrall, S.A. de C.V. es una sociedad constituida con leyes de los Estados Unidos Mexicanos, con domicilio en Calle Cuchilla N\u00famero 23, Col. San Miguel Xochimanga, Atizap\u00e1n de Zaragoza, Estado de M\u00e9xico, C.P. 52927. Como parte de la pol\u00edtica de Humbrall, S.A. de C.V. (en lo sucesivo referido indistintamente [&hellip;]<\/p>\n","protected":false},"author":2,"featured_media":0,"parent":0,"menu_order":0,"comment_status":"closed","ping_status":"closed","template":"","meta":{"_et_pb_use_builder":"on","_et_pb_old_content":"","_et_gb_content_width":""},"yoast_head":"<!-- This site is optimized with the Yoast SEO plugin v20.5 - https:\/\/yoast.com\/wordpress\/plugins\/seo\/ -->\r\n<title>Aviso de Privacidad - Humbrall<\/title>\r\n<meta name=\"description\" content=\"Respetamos y protegemos la privacidad de nuestros clientes y proveedores, as\u00ed como de todas las personas titulares de los datos proporcionados\" \/>\r\n<meta name=\"robots\" content=\"index, follow, max-snippet:-1, max-image-preview:large, max-video-preview:-1\" \/>\r\n<link rel=\"canonical\" href=\"https:\/\/www.humbrall.com\/inicio\/index.php\/aviso-de-privacidad\/\" \/>\r\n<meta property=\"og:locale\" content=\"es_ES\" \/>\r\n<meta property=\"og:type\" content=\"article\" \/>\r\n<meta property=\"og:title\" content=\"Aviso de Privacidad - Humbrall\" \/>\r\n<meta property=\"og:description\" content=\"Respetamos y protegemos la privacidad de nuestros clientes y proveedores, as\u00ed como de todas las personas titulares de los datos proporcionados\" \/>\r\n<meta property=\"og:url\" content=\"https:\/\/www.humbrall.com\/inicio\/index.php\/aviso-de-privacidad\/\" \/>\r\n<meta property=\"og:site_name\" content=\"Humbrall\" \/>\r\n<meta property=\"article:modified_time\" content=\"2023-04-14T05:21:16+00:00\" \/>\r\n<meta name=\"twitter:card\" content=\"summary_large_image\" \/>\r\n<meta name=\"twitter:label1\" content=\"Tiempo de lectura\" \/>\n\t<meta name=\"twitter:data1\" content=\"5 minutos\" \/>\r\n<script type=\"application\/ld+json\" class=\"yoast-schema-graph\">{\"@context\":\"https:\/\/schema.org\",\"@graph\":[{\"@type\":\"WebPage\",\"@id\":\"https:\/\/www.humbrall.com\/inicio\/index.php\/aviso-de-privacidad\/\",\"url\":\"https:\/\/www.humbrall.com\/inicio\/index.php\/aviso-de-privacidad\/\",\"name\":\"Aviso de Privacidad - Humbrall\",\"isPartOf\":{\"@id\":\"https:\/\/www.humbrall.com\/inicio\/#website\"},\"datePublished\":\"2022-06-06T07:55:14+00:00\",\"dateModified\":\"2023-04-14T05:21:16+00:00\",\"description\":\"Respetamos y protegemos la privacidad de nuestros clientes y proveedores, as\u00ed como de todas las personas titulares de los datos proporcionados\",\"breadcrumb\":{\"@id\":\"https:\/\/www.humbrall.com\/inicio\/index.php\/aviso-de-privacidad\/#breadcrumb\"},\"inLanguage\":\"es\",\"potentialAction\":[{\"@type\":\"ReadAction\",\"target\":[\"https:\/\/www.humbrall.com\/inicio\/index.php\/aviso-de-privacidad\/\"]}]},{\"@type\":\"BreadcrumbList\",\"@id\":\"https:\/\/www.humbrall.com\/inicio\/index.php\/aviso-de-privacidad\/#breadcrumb\",\"itemListElement\":[{\"@type\":\"ListItem\",\"position\":1,\"name\":\"Portada\",\"item\":\"https:\/\/www.humbrall.com\/inicio\/\"},{\"@type\":\"ListItem\",\"position\":2,\"name\":\"Aviso de Privacidad\"}]},{\"@type\":\"WebSite\",\"@id\":\"https:\/\/www.humbrall.com\/inicio\/#website\",\"url\":\"https:\/\/www.humbrall.com\/inicio\/\",\"name\":\"Humbrall\",\"description\":\"Conectando con visi\u00f3n las urbes del futuro\",\"potentialAction\":[{\"@type\":\"SearchAction\",\"target\":{\"@type\":\"EntryPoint\",\"urlTemplate\":\"https:\/\/www.humbrall.com\/inicio\/?s={search_term_string}\"},\"query-input\":\"required name=search_term_string\"}],\"inLanguage\":\"es\"}]}<\/script>\r\n<!-- \/ Yoast SEO plugin. -->","yoast_head_json":{"title":"Aviso de Privacidad - Humbrall","description":"Respetamos y protegemos la privacidad de nuestros clientes y proveedores, as\u00ed como de todas las personas titulares de los datos proporcionados","robots":{"index":"index","follow":"follow","max-snippet":"max-snippet:-1","max-image-preview":"max-image-preview:large","max-video-preview":"max-video-preview:-1"},"canonical":"https:\/\/www.humbrall.com\/inicio\/index.php\/aviso-de-privacidad\/","og_locale":"es_ES","og_type":"article","og_title":"Aviso de Privacidad - Humbrall","og_description":"Respetamos y protegemos la privacidad de nuestros clientes y proveedores, as\u00ed como de todas las personas titulares de los datos proporcionados","og_url":"https:\/\/www.humbrall.com\/inicio\/index.php\/aviso-de-privacidad\/","og_site_name":"Humbrall","article_modified_time":"2023-04-14T05:21:16+00:00","twitter_card":"summary_large_image","twitter_misc":{"Tiempo de lectura":"5 minutos"},"schema":{"@context":"https:\/\/schema.org","@graph":[{"@type":"WebPage","@id":"https:\/\/www.humbrall.com\/inicio\/index.php\/aviso-de-privacidad\/","url":"https:\/\/www.humbrall.com\/inicio\/index.php\/aviso-de-privacidad\/","name":"Aviso de Privacidad - Humbrall","isPartOf":{"@id":"https:\/\/www.humbrall.com\/inicio\/#website"},"datePublished":"2022-06-06T07:55:14+00:00","dateModified":"2023-04-14T05:21:16+00:00","description":"Respetamos y protegemos la privacidad de nuestros clientes y proveedores, as\u00ed como de todas las personas titulares de los datos proporcionados","breadcrumb":{"@id":"https:\/\/www.humbrall.com\/inicio\/index.php\/aviso-de-privacidad\/#breadcrumb"},"inLanguage":"es","potentialAction":[{"@type":"ReadAction","target":["https:\/\/www.humbrall.com\/inicio\/index.php\/aviso-de-privacidad\/"]}]},{"@type":"BreadcrumbList","@id":"https:\/\/www.humbrall.com\/inicio\/index.php\/aviso-de-privacidad\/#breadcrumb","itemListElement":[{"@type":"ListItem","position":1,"name":"Portada","item":"https:\/\/www.humbrall.com\/inicio\/"},{"@type":"ListItem","position":2,"name":"Aviso de Privacidad"}]},{"@type":"WebSite","@id":"https:\/\/www.humbrall.com\/inicio\/#website","url":"https:\/\/www.humbrall.com\/inicio\/","name":"Humbrall","description":"Conectando con visi\u00f3n las urbes del futuro","potentialAction":[{"@type":"SearchAction","target":{"@type":"EntryPoint","urlTemplate":"https:\/\/www.humbrall.com\/inicio\/?s={search_term_string}"},"query-input":"required name=search_term_string"}],"inLanguage":"es"}]}},"_links":{"self":[{"href":"https:\/\/www.humbrall.com\/inicio\/index.php\/wp-json\/wp\/v2\/pages\/2240"}],"collection":[{"href":"https:\/\/www.humbrall.com\/inicio\/index.php\/wp-json\/wp\/v2\/pages"}],"about":[{"href":"https:\/\/www.humbrall.com\/inicio\/index.php\/wp-json\/wp\/v2\/types\/page"}],"author":[{"embeddable":true,"href":"https:\/\/www.humbrall.com\/inicio\/index.php\/wp-json\/wp\/v2\/users\/2"}],"replies":[{"embeddable":true,"href":"https:\/\/www.humbrall.com\/inicio\/index.php\/wp-json\/wp\/v2\/comments?post=2240"}],"version-history":[{"count":18,"href":"https:\/\/www.humbrall.com\/inicio\/index.php\/wp-json\/wp\/v2\/pages\/2240\/revisions"}],"predecessor-version":[{"id":32145,"href":"https:\/\/www.humbrall.com\/inicio\/index.php\/wp-json\/wp\/v2\/pages\/2240\/revisions\/32145"}],"wp:attachment":[{"href":"https:\/\/www.humbrall.com\/inicio\/index.php\/wp-json\/wp\/v2\/media?parent=2240"}],"curies":[{"name":"wp","href":"https:\/\/api.w.org\/{rel}","templated":true}]}}