{"id":2417,"date":"2022-06-10T03:48:12","date_gmt":"2022-06-10T03:48:12","guid":{"rendered":"https:\/\/humbrall.com\/inicio\/?page_id=2417"},"modified":"2023-03-22T00:49:42","modified_gmt":"2023-03-22T00:49:42","slug":"soluciones-fibra-optica","status":"publish","type":"page","link":"https:\/\/www.humbrall.com\/inicio\/index.php\/soluciones-fibra-optica\/","title":{"rendered":"Soluciones Fibra \u00d3ptica"},"content":{"rendered":"<p>[et_pb_section fb_built=\u00bb1&#8243; disabled_on=\u00bboff|off|off\u00bb _builder_version=\u00bb4.9.2&#8243; _module_preset=\u00bbdefault\u00bb background_color=\u00bbRGBA(0,0,0,0)\u00bb background_color_gradient_direction=\u00bb100deg\u00bb transform_scale_tablet=\u00bb\u00bb transform_scale_phone=\u00bb\u00bb transform_scale_last_edited=\u00bbon|desktop\u00bb transform_translate_tablet=\u00bb\u00bb transform_translate_phone=\u00bb\u00bb transform_translate_last_edited=\u00bbon|desktop\u00bb transform_rotate_tablet=\u00bb\u00bb transform_rotate_phone=\u00bb\u00bb transform_rotate_last_edited=\u00bbon|desktop\u00bb transform_skew_tablet=\u00bb\u00bb transform_skew_phone=\u00bb\u00bb transform_skew_last_edited=\u00bbon|desktop\u00bb transform_origin_tablet=\u00bb\u00bb transform_origin_phone=\u00bb\u00bb transform_origin_last_edited=\u00bbon|desktop\u00bb transform_styles_last_edited=\u00bbon|desktop\u00bb width=\u00bb100%\u00bb width_tablet=\u00bb\u00bb width_phone=\u00bb100%\u00bb width_last_edited=\u00bbon|tablet\u00bb max_width=\u00bb100%\u00bb max_width_tablet=\u00bb\u00bb max_width_phone=\u00bb100%\u00bb max_width_last_edited=\u00bbon|phone\u00bb height=\u00bb192px\u00bb height_tablet=\u00bb\u00bb height_phone=\u00bb170px\u00bb height_last_edited=\u00bbon|tablet\u00bb custom_margin=\u00bb-35px||||false|false\u00bb bottom_divider_style=\u00bbramp2&#8243; bottom_divider_color=\u00bb#FFFFFF\u00bb bottom_divider_flip=\u00bbhorizontal\u00bb bottom_divider_style_tablet=\u00bb\u00bb bottom_divider_style_phone=\u00bb\u00bb bottom_divider_style_last_edited=\u00bbon|desktop\u00bb background_color_phone=\u00bbRGBA(0,0,0,0)\u00bb background_enable_color_phone=\u00bbon\u00bb background_color_gradient_direction_phone=\u00bb100deg\u00bb background_color_gradient_start_position_phone=\u00bb0%\u00bb transform_styles_tablet=\u00bb\u00bb transform_styles_phone=\u00bb\u00bb][et_pb_row _builder_version=\u00bb4.9.2&#8243; _module_preset=\u00bbdefault\u00bb background_color=\u00bbRGBA(0,0,0,0)\u00bb transform_scale=\u00bb110%|110%\u00bb][et_pb_column type=\u00bb4_4&#8243; _builder_version=\u00bb4.9.2&#8243; _module_preset=\u00bbdefault\u00bb][et_pb_text content_tablet=\u00bb<\/p>\n<h2><span style=%22color: #ffffff;%22><strong>Soluciones Fibra \u00d3ptica<\/strong><\/span><\/h2>\n<p>\u00bb content_phone=\u00bb<\/p>\n<h2><span style=%22color: #ffffff;%22><strong>Soluciones Fibra \u00d3ptica<\/strong><\/span><\/h2>\n<p>\u00bb content_last_edited=\u00bbon|phone\u00bb _builder_version=\u00bb4.9.2&#8243; _module_preset=\u00bbdefault\u00bb text_font_size=\u00bb35px\u00bb header_font_size=\u00bb50px\u00bb background_color=\u00bbRGBA(0,0,0,0)\u00bb custom_margin=\u00bb15px|||-35px|false|false\u00bb custom_margin_tablet=\u00bb15px|||0px|false|false\u00bb custom_margin_phone=\u00bb-13px|||5px|false|false\u00bb custom_margin_last_edited=\u00bbon|desktop\u00bb custom_padding=\u00bb||||false|false\u00bb hover_enabled=\u00bb0&#8243; text_font_size_tablet=\u00bb14px\u00bb text_font_size_phone=\u00bb14px\u00bb text_font_size_last_edited=\u00bbon|phone\u00bb header_font_size_tablet=\u00bb30px\u00bb header_font_size_phone=\u00bb\u00bb header_font_size_last_edited=\u00bbon|desktop\u00bb sticky_enabled=\u00bb0&#8243;]<\/p>\n<p><span style=\"color: #ffffff;\"><strong>Soluciones Fibra \u00d3ptica<\/strong><\/span><\/p>\n<p>[\/et_pb_text][\/et_pb_column][\/et_pb_row][\/et_pb_section][et_pb_section fb_built=\u00bb1&#8243; disabled_on=\u00bboff|off|off\u00bb _builder_version=\u00bb4.9.2&#8243; _module_preset=\u00bbdefault\u00bb use_background_color_gradient=\u00bboff\u00bb height=\u00bbauto\u00bb custom_padding=\u00bb5px|||||\u00bb use_background_color_gradient_tablet=\u00bboff\u00bb use_background_color_gradient_phone=\u00bboff\u00bb][et_pb_row _builder_version=\u00bb4.9.2&#8243; _module_preset=\u00bbdefault\u00bb custom_padding=\u00bb5px|||||\u00bb][et_pb_column type=\u00bb4_4&#8243; _builder_version=\u00bb4.9.2&#8243; _module_preset=\u00bbdefault\u00bb][et_pb_shop type=\u00bbproduct_category\u00bb show_pagination=\u00bbon\u00bb include_categories=\u00bb18&#8243; columns_number=\u00bb4&#8243; orderby=\u00bbmenu_order\u00bb icon_hover_color=\u00bb#278730&#8243; icon_hover_color_tablet=\u00bb\u00bb icon_hover_color_phone=\u00bb#278730&#8243; icon_hover_color_last_edited=\u00bbon|desktop\u00bb _builder_version=\u00bb4.9.2&#8243; _module_preset=\u00bbdefault\u00bb background_last_edited=\u00bbon|phone\u00bb border_radii_image=\u00bbon|10px|10px|10px|10px\u00bb][\/et_pb_shop][\/et_pb_column][\/et_pb_row][\/et_pb_section]<\/p>\n","protected":false},"excerpt":{"rendered":"<p>Soluciones Fibra \u00d3ptica<\/p>\n","protected":false},"author":2,"featured_media":0,"parent":0,"menu_order":0,"comment_status":"closed","ping_status":"closed","template":"","meta":{"_et_pb_use_builder":"on","_et_pb_old_content":"","_et_gb_content_width":""},"yoast_head":"<!-- This site is optimized with the Yoast SEO plugin v20.5 - https:\/\/yoast.com\/wordpress\/plugins\/seo\/ -->\r\n<title>Soluciones Fibra \u00d3ptica - Humbrall<\/title>\r\n<meta name=\"description\" content=\"Herrajes para sujeci\u00f3n, tensi\u00f3n amortiguamiento, almacenamiento y empalme de cableado de fibra \u00f3ptica OPGW y ADSS\" \/>\r\n<meta name=\"robots\" content=\"index, follow, max-snippet:-1, max-image-preview:large, max-video-preview:-1\" \/>\r\n<link rel=\"canonical\" href=\"https:\/\/www.humbrall.com\/inicio\/index.php\/soluciones-fibra-optica\/\" \/>\r\n<meta property=\"og:locale\" content=\"es_ES\" \/>\r\n<meta property=\"og:type\" content=\"article\" \/>\r\n<meta property=\"og:title\" content=\"Soluciones Fibra \u00d3ptica - Humbrall\" \/>\r\n<meta property=\"og:description\" content=\"Herrajes para sujeci\u00f3n, tensi\u00f3n amortiguamiento, almacenamiento y empalme de cableado de fibra \u00f3ptica OPGW y ADSS\" \/>\r\n<meta property=\"og:url\" content=\"https:\/\/www.humbrall.com\/inicio\/index.php\/soluciones-fibra-optica\/\" \/>\r\n<meta property=\"og:site_name\" content=\"Humbrall\" \/>\r\n<meta property=\"article:modified_time\" content=\"2023-03-22T00:49:42+00:00\" \/>\r\n<meta name=\"twitter:card\" content=\"summary_large_image\" \/>\r\n<meta name=\"twitter:label1\" content=\"Tiempo de lectura\" \/>\n\t<meta name=\"twitter:data1\" content=\"1 minuto\" \/>\r\n<script type=\"application\/ld+json\" class=\"yoast-schema-graph\">{\"@context\":\"https:\/\/schema.org\",\"@graph\":[{\"@type\":\"WebPage\",\"@id\":\"https:\/\/www.humbrall.com\/inicio\/index.php\/soluciones-fibra-optica\/\",\"url\":\"https:\/\/www.humbrall.com\/inicio\/index.php\/soluciones-fibra-optica\/\",\"name\":\"Soluciones Fibra \u00d3ptica - Humbrall\",\"isPartOf\":{\"@id\":\"https:\/\/www.humbrall.com\/inicio\/#website\"},\"datePublished\":\"2022-06-10T03:48:12+00:00\",\"dateModified\":\"2023-03-22T00:49:42+00:00\",\"description\":\"Herrajes para sujeci\u00f3n, tensi\u00f3n amortiguamiento, almacenamiento y empalme de cableado de fibra \u00f3ptica OPGW y ADSS\",\"breadcrumb\":{\"@id\":\"https:\/\/www.humbrall.com\/inicio\/index.php\/soluciones-fibra-optica\/#breadcrumb\"},\"inLanguage\":\"es\",\"potentialAction\":[{\"@type\":\"ReadAction\",\"target\":[\"https:\/\/www.humbrall.com\/inicio\/index.php\/soluciones-fibra-optica\/\"]}]},{\"@type\":\"BreadcrumbList\",\"@id\":\"https:\/\/www.humbrall.com\/inicio\/index.php\/soluciones-fibra-optica\/#breadcrumb\",\"itemListElement\":[{\"@type\":\"ListItem\",\"position\":1,\"name\":\"Portada\",\"item\":\"https:\/\/www.humbrall.com\/inicio\/\"},{\"@type\":\"ListItem\",\"position\":2,\"name\":\"Soluciones Fibra \u00d3ptica\"}]},{\"@type\":\"WebSite\",\"@id\":\"https:\/\/www.humbrall.com\/inicio\/#website\",\"url\":\"https:\/\/www.humbrall.com\/inicio\/\",\"name\":\"Humbrall\",\"description\":\"Conectando con visi\u00f3n las urbes del futuro\",\"potentialAction\":[{\"@type\":\"SearchAction\",\"target\":{\"@type\":\"EntryPoint\",\"urlTemplate\":\"https:\/\/www.humbrall.com\/inicio\/?s={search_term_string}\"},\"query-input\":\"required name=search_term_string\"}],\"inLanguage\":\"es\"}]}<\/script>\r\n<!-- \/ Yoast SEO plugin. -->","yoast_head_json":{"title":"Soluciones Fibra \u00d3ptica - Humbrall","description":"Herrajes para sujeci\u00f3n, tensi\u00f3n amortiguamiento, almacenamiento y empalme de cableado de fibra \u00f3ptica OPGW y ADSS","robots":{"index":"index","follow":"follow","max-snippet":"max-snippet:-1","max-image-preview":"max-image-preview:large","max-video-preview":"max-video-preview:-1"},"canonical":"https:\/\/www.humbrall.com\/inicio\/index.php\/soluciones-fibra-optica\/","og_locale":"es_ES","og_type":"article","og_title":"Soluciones Fibra \u00d3ptica - Humbrall","og_description":"Herrajes para sujeci\u00f3n, tensi\u00f3n amortiguamiento, almacenamiento y empalme de cableado de fibra \u00f3ptica OPGW y ADSS","og_url":"https:\/\/www.humbrall.com\/inicio\/index.php\/soluciones-fibra-optica\/","og_site_name":"Humbrall","article_modified_time":"2023-03-22T00:49:42+00:00","twitter_card":"summary_large_image","twitter_misc":{"Tiempo de lectura":"1 minuto"},"schema":{"@context":"https:\/\/schema.org","@graph":[{"@type":"WebPage","@id":"https:\/\/www.humbrall.com\/inicio\/index.php\/soluciones-fibra-optica\/","url":"https:\/\/www.humbrall.com\/inicio\/index.php\/soluciones-fibra-optica\/","name":"Soluciones Fibra \u00d3ptica - Humbrall","isPartOf":{"@id":"https:\/\/www.humbrall.com\/inicio\/#website"},"datePublished":"2022-06-10T03:48:12+00:00","dateModified":"2023-03-22T00:49:42+00:00","description":"Herrajes para sujeci\u00f3n, tensi\u00f3n amortiguamiento, almacenamiento y empalme de cableado de fibra \u00f3ptica OPGW y ADSS","breadcrumb":{"@id":"https:\/\/www.humbrall.com\/inicio\/index.php\/soluciones-fibra-optica\/#breadcrumb"},"inLanguage":"es","potentialAction":[{"@type":"ReadAction","target":["https:\/\/www.humbrall.com\/inicio\/index.php\/soluciones-fibra-optica\/"]}]},{"@type":"BreadcrumbList","@id":"https:\/\/www.humbrall.com\/inicio\/index.php\/soluciones-fibra-optica\/#breadcrumb","itemListElement":[{"@type":"ListItem","position":1,"name":"Portada","item":"https:\/\/www.humbrall.com\/inicio\/"},{"@type":"ListItem","position":2,"name":"Soluciones Fibra \u00d3ptica"}]},{"@type":"WebSite","@id":"https:\/\/www.humbrall.com\/inicio\/#website","url":"https:\/\/www.humbrall.com\/inicio\/","name":"Humbrall","description":"Conectando con visi\u00f3n las urbes del futuro","potentialAction":[{"@type":"SearchAction","target":{"@type":"EntryPoint","urlTemplate":"https:\/\/www.humbrall.com\/inicio\/?s={search_term_string}"},"query-input":"required name=search_term_string"}],"inLanguage":"es"}]}},"_links":{"self":[{"href":"https:\/\/www.humbrall.com\/inicio\/index.php\/wp-json\/wp\/v2\/pages\/2417"}],"collection":[{"href":"https:\/\/www.humbrall.com\/inicio\/index.php\/wp-json\/wp\/v2\/pages"}],"about":[{"href":"https:\/\/www.humbrall.com\/inicio\/index.php\/wp-json\/wp\/v2\/types\/page"}],"author":[{"embeddable":true,"href":"https:\/\/www.humbrall.com\/inicio\/index.php\/wp-json\/wp\/v2\/users\/2"}],"replies":[{"embeddable":true,"href":"https:\/\/www.humbrall.com\/inicio\/index.php\/wp-json\/wp\/v2\/comments?post=2417"}],"version-history":[{"count":94,"href":"https:\/\/www.humbrall.com\/inicio\/index.php\/wp-json\/wp\/v2\/pages\/2417\/revisions"}],"predecessor-version":[{"id":32431,"href":"https:\/\/www.humbrall.com\/inicio\/index.php\/wp-json\/wp\/v2\/pages\/2417\/revisions\/32431"}],"wp:attachment":[{"href":"https:\/\/www.humbrall.com\/inicio\/index.php\/wp-json\/wp\/v2\/media?parent=2417"}],"curies":[{"name":"wp","href":"https:\/\/api.w.org\/{rel}","templated":true}]}}