{"id":30614,"date":"2022-06-18T04:36:13","date_gmt":"2022-06-18T04:36:13","guid":{"rendered":"https:\/\/humbrall.com\/inicio\/?page_id=30614"},"modified":"2023-04-21T00:12:02","modified_gmt":"2023-04-21T00:12:02","slug":"reg-newsletter","status":"publish","type":"page","link":"https:\/\/www.humbrall.com\/inicio\/index.php\/reg-newsletter\/","title":{"rendered":"Registro"},"content":{"rendered":"<p>[et_pb_section fb_built=\u00bb1&#8243; module_id=\u00bbregistro\u00bb _builder_version=\u00bb4.16&#8243; _module_preset=\u00bbdefault\u00bb background_color=\u00bb#B3B3B3&#8243; use_background_color_gradient=\u00bboff\u00bb width_tablet=\u00bb\u00bb width_phone=\u00bb\u00bb width_last_edited=\u00bbon|phone\u00bb height=\u00bbauto\u00bb use_background_color_gradient_tablet=\u00bboff\u00bb use_background_color_gradient_phone=\u00bboff\u00bb global_colors_info=\u00bb{}\u00bb][et_pb_row _builder_version=\u00bb4.16&#8243; _module_preset=\u00bbdefault\u00bb background_color=\u00bb#00193d\u00bb width=\u00bb60%\u00bb width_tablet=\u00bb80%\u00bb width_phone=\u00bb\u00bb width_last_edited=\u00bbon|phone\u00bb box_shadow_style=\u00bbpreset2&#8243; global_colors_info=\u00bb{}\u00bb][et_pb_column type=\u00bb4_4&#8243; _builder_version=\u00bb4.16&#8243; _module_preset=\u00bbdefault\u00bb global_colors_info=\u00bb{}\u00bb][et_pb_text _builder_version=\u00bb4.16&#8243; _module_preset=\u00bbdefault\u00bb global_colors_info=\u00bb{}\u00bb]<\/p>\n<h1 style=\"text-align: center;\"><span style=\"color: #333333;\"><strong><span style=\"color: #ffffff;\">\u00daNETE AL MUNDO<\/span> <span style=\"color: #99cc00;\"><em>HUMBRALL<\/em><\/span><\/strong><\/span><\/h1>\n<p>[\/et_pb_text][et_pb_text _builder_version=\u00bb4.16&#8243; _module_preset=\u00bbdefault\u00bb text_line_height=\u00bb2em\u00bb custom_padding=\u00bb|17px||17px|false|false\u00bb custom_padding_tablet=\u00bb\u00bb custom_padding_phone=\u00bb\u00bb custom_padding_last_edited=\u00bbon|phone\u00bb global_colors_info=\u00bb{}\u00bb]<\/p>\n<h4 style=\"text-align: center;\"><span style=\"color: #ffffff;\">SUSCR\u00cdBETE A NUESTRA NEWSLETTER PARA MANTENERTE AL D\u00cdA DE EQUIPOS \u00daNICOS Y NUEVOS LANZAMIENTOS DE PRODUCTOS.<\/span><\/h4>\n<p>[\/et_pb_text][\/et_pb_column][\/et_pb_row][et_pb_row _builder_version=\u00bb4.16&#8243; _module_preset=\u00bbdefault\u00bb background_color=\u00bb#FFFFFF\u00bb width=\u00bb60%\u00bb width_tablet=\u00bb80%\u00bb width_phone=\u00bb\u00bb width_last_edited=\u00bbon|phone\u00bb custom_padding=\u00bb14px|17px||17px|false|false\u00bb border_radii=\u00bbon|3px|3px|3px|3px\u00bb border_width_all=\u00bb3px\u00bb border_color_all=\u00bb#0C71C3&#8243; box_shadow_style=\u00bbpreset2&#8243; global_colors_info=\u00bb{}\u00bb][et_pb_column type=\u00bb4_4&#8243; _builder_version=\u00bb4.16&#8243; _module_preset=\u00bbdefault\u00bb global_colors_info=\u00bb{}\u00bb][et_pb_contact_form email=\u00bbmarketing@humbrall.com\u00bb custom_message=\u00bbREGISTRO NEWSLETTER HUMBRALL.COM||et_pb_line_break_holder||___________________________________________||et_pb_line_break_holder||||et_pb_line_break_holder||Tratamiento: %%trat%%||et_pb_line_break_holder||Nombre Completo: %%Name%%||et_pb_line_break_holder||Correo Electr\u00f3nico: %%Email%%||et_pb_line_break_holder||Tel\u00e9fono: %%tel%%||et_pb_line_break_holder||Pa\u00eds \/ Regi\u00f3n: %%pais%%||et_pb_line_break_holder||URL: %%link%%||et_pb_line_break_holder||||et_pb_line_break_holder||||et_pb_line_break_holder||\u00bb use_redirect=\u00bbon\u00bb redirect_url=\u00bbhttps:\/\/www.humbrall.com\/inicio\/index.php\/mundo-humbrall\/\u00bb submit_button_text=\u00bbSuscribirme\u00bb _builder_version=\u00bb4.20.4&#8243; _module_preset=\u00bbdefault\u00bb _unique_id=\u00bb1b86c4e8-f1c8-471e-ac39-d11d4c90c790&#8243; title_text_color=\u00bb#D6D6D6&#8243; custom_button=\u00bbon\u00bb button_text_size=\u00bb18px\u00bb button_text_color=\u00bb#FFFFFF\u00bb button_bg_color=\u00bb#00193d\u00bb button_border_color=\u00bbRGBA(0,0,0,0)\u00bb button_icon_color=\u00bb#FFFFFF\u00bb button_custom_margin=\u00bb16px||||false|false\u00bb hover_enabled=\u00bb0&#8243; global_colors_info=\u00bb{}\u00bb use_spam_service=\u00bbon\u00bb recaptcha_list=\u00bbDefault|Default-0&#8243; sticky_enabled=\u00bb0&#8243;][et_pb_contact_field field_id=\u00bbtrat\u00bb field_title=\u00bbTratamiento\u00bb field_type=\u00bbradio\u00bb radio_options=\u00bb%91{%22value%22:%22Sr.%22,%22checked%22:0,%22dragID%22:-1},{%22value%22:%22Sra.%22,%22checked%22:0,%22dragID%22:0},{%22value%22:%22Prefiero No Especificar%22,%22checked%22:0,%22dragID%22:1},{%22value%22:%22Empresa%22,%22checked%22:0,%22dragID%22:2}%93&#8243; fullwidth_field=\u00bbon\u00bb _builder_version=\u00bb4.16&#8243; _module_preset=\u00bbdefault\u00bb form_field_background_color=\u00bb#D6D6D6&#8243; form_field_text_color=\u00bb#242424&#8243; form_field_focus_background_color=\u00bb#00208A\u00bb form_field_focus_text_color=\u00bb#00208A\u00bb global_colors_info=\u00bb{}\u00bb][\/et_pb_contact_field][et_pb_contact_field field_id=\u00bbName\u00bb field_title=\u00bbNombre Completo\u00bb _builder_version=\u00bb4.16&#8243; global_colors_info=\u00bb{}\u00bb button_text_size__hover_enabled=\u00bboff\u00bb button_one_text_size__hover_enabled=\u00bboff\u00bb button_two_text_size__hover_enabled=\u00bboff\u00bb button_text_color__hover_enabled=\u00bboff\u00bb button_one_text_color__hover_enabled=\u00bboff\u00bb button_two_text_color__hover_enabled=\u00bboff\u00bb button_border_width__hover_enabled=\u00bboff\u00bb button_one_border_width__hover_enabled=\u00bboff\u00bb button_two_border_width__hover_enabled=\u00bboff\u00bb button_border_color__hover_enabled=\u00bboff\u00bb button_one_border_color__hover_enabled=\u00bboff\u00bb button_two_border_color__hover_enabled=\u00bboff\u00bb button_border_radius__hover_enabled=\u00bboff\u00bb button_one_border_radius__hover_enabled=\u00bboff\u00bb button_two_border_radius__hover_enabled=\u00bboff\u00bb button_letter_spacing__hover_enabled=\u00bboff\u00bb button_one_letter_spacing__hover_enabled=\u00bboff\u00bb button_two_letter_spacing__hover_enabled=\u00bboff\u00bb button_bg_color__hover_enabled=\u00bboff\u00bb button_one_bg_color__hover_enabled=\u00bboff\u00bb button_two_bg_color__hover_enabled=\u00bboff\u00bb][\/et_pb_contact_field][et_pb_contact_field field_id=\u00bbEmail\u00bb field_title=\u00bbDirecci\u00f3n de correo electr\u00f3nico\u00bb field_type=\u00bbemail\u00bb _builder_version=\u00bb4.16&#8243; global_colors_info=\u00bb{}\u00bb button_text_size__hover_enabled=\u00bboff\u00bb button_one_text_size__hover_enabled=\u00bboff\u00bb button_two_text_size__hover_enabled=\u00bboff\u00bb button_text_color__hover_enabled=\u00bboff\u00bb button_one_text_color__hover_enabled=\u00bboff\u00bb button_two_text_color__hover_enabled=\u00bboff\u00bb button_border_width__hover_enabled=\u00bboff\u00bb button_one_border_width__hover_enabled=\u00bboff\u00bb button_two_border_width__hover_enabled=\u00bboff\u00bb button_border_color__hover_enabled=\u00bboff\u00bb button_one_border_color__hover_enabled=\u00bboff\u00bb button_two_border_color__hover_enabled=\u00bboff\u00bb button_border_radius__hover_enabled=\u00bboff\u00bb button_one_border_radius__hover_enabled=\u00bboff\u00bb button_two_border_radius__hover_enabled=\u00bboff\u00bb button_letter_spacing__hover_enabled=\u00bboff\u00bb button_one_letter_spacing__hover_enabled=\u00bboff\u00bb button_two_letter_spacing__hover_enabled=\u00bboff\u00bb button_bg_color__hover_enabled=\u00bboff\u00bb button_one_bg_color__hover_enabled=\u00bboff\u00bb button_two_bg_color__hover_enabled=\u00bboff\u00bb][\/et_pb_contact_field][et_pb_contact_field field_id=\u00bbtel\u00bb field_title=\u00bbTel\u00e9fono \/ M\u00f3vil\u00bb _builder_version=\u00bb4.16&#8243; global_colors_info=\u00bb{}\u00bb button_text_size__hover_enabled=\u00bboff\u00bb button_one_text_size__hover_enabled=\u00bboff\u00bb button_two_text_size__hover_enabled=\u00bboff\u00bb button_text_color__hover_enabled=\u00bboff\u00bb button_one_text_color__hover_enabled=\u00bboff\u00bb button_two_text_color__hover_enabled=\u00bboff\u00bb button_border_width__hover_enabled=\u00bboff\u00bb button_one_border_width__hover_enabled=\u00bboff\u00bb button_two_border_width__hover_enabled=\u00bboff\u00bb button_border_color__hover_enabled=\u00bboff\u00bb button_one_border_color__hover_enabled=\u00bboff\u00bb button_two_border_color__hover_enabled=\u00bboff\u00bb button_border_radius__hover_enabled=\u00bboff\u00bb button_one_border_radius__hover_enabled=\u00bboff\u00bb button_two_border_radius__hover_enabled=\u00bboff\u00bb button_letter_spacing__hover_enabled=\u00bboff\u00bb button_one_letter_spacing__hover_enabled=\u00bboff\u00bb button_two_letter_spacing__hover_enabled=\u00bboff\u00bb button_bg_color__hover_enabled=\u00bboff\u00bb button_one_bg_color__hover_enabled=\u00bboff\u00bb button_two_bg_color__hover_enabled=\u00bboff\u00bb][\/et_pb_contact_field][et_pb_contact_field field_id=\u00bbpais\u00bb field_title=\u00bbPa\u00eds \/ Regi\u00f3n\u00bb field_type=\u00bbselect\u00bb select_options=\u00bb%91{%22value%22:%22Australia%22,%22checked%22:0,%22dragID%22:-1},{%22value%22:%22Canad\u00e1%22,%22checked%22:0,%22dragID%22:0},{%22value%22:%22Corea del Sur%22,%22checked%22:0,%22dragID%22:1},{%22value%22:%22Espa\u00f1a%22,%22checked%22:0,%22dragID%22:2},{%22value%22:%22Estados Unidos%22,%22checked%22:0,%22dragID%22:3},{%22value%22:%22Francia%22,%22checked%22:0,%22dragID%22:4},{%22value%22:%22Islandia%22,%22checked%22:0,%22dragID%22:5},{%22value%22:%22Jap\u00f3n%22,%22checked%22:0,%22dragID%22:6},{%22value%22:%22M\u00e9xico%22,%22checked%22:0,%22dragID%22:7},{%22value%22:%22Nueva Zelanda%22,%22checked%22:0,%22dragID%22:8},{%22value%22:%22Reino Unido%22,%22checked%22:0,%22dragID%22:9},{%22value%22:%22Suecia%22,%22checked%22:0,%22dragID%22:10},{%22value%22:%22Taiw\u00e1n%22,%22checked%22:0,%22dragID%22:11}%93&#8243; _builder_version=\u00bb4.16&#8243; global_colors_info=\u00bb{}\u00bb button_text_size__hover_enabled=\u00bboff\u00bb button_one_text_size__hover_enabled=\u00bboff\u00bb button_two_text_size__hover_enabled=\u00bboff\u00bb button_text_color__hover_enabled=\u00bboff\u00bb button_one_text_color__hover_enabled=\u00bboff\u00bb button_two_text_color__hover_enabled=\u00bboff\u00bb button_border_width__hover_enabled=\u00bboff\u00bb button_one_border_width__hover_enabled=\u00bboff\u00bb button_two_border_width__hover_enabled=\u00bboff\u00bb button_border_color__hover_enabled=\u00bboff\u00bb button_one_border_color__hover_enabled=\u00bboff\u00bb button_two_border_color__hover_enabled=\u00bboff\u00bb button_border_radius__hover_enabled=\u00bboff\u00bb button_one_border_radius__hover_enabled=\u00bboff\u00bb button_two_border_radius__hover_enabled=\u00bboff\u00bb button_letter_spacing__hover_enabled=\u00bboff\u00bb button_one_letter_spacing__hover_enabled=\u00bboff\u00bb button_two_letter_spacing__hover_enabled=\u00bboff\u00bb button_bg_color__hover_enabled=\u00bboff\u00bb button_one_bg_color__hover_enabled=\u00bboff\u00bb button_two_bg_color__hover_enabled=\u00bboff\u00bb][\/et_pb_contact_field][et_pb_contact_field field_id=\u00bbpriv_2&#8243; field_title=\u00bbPol\u00edticas y Condiciones\u00bb field_type=\u00bbcheckbox\u00bb checkbox_options=\u00bb%91{%22value%22:%22He le\u00eddo y acepto la Pol\u00edtica de Privacidad &#8211; Leer%22,%22checked%22:0,%22dragID%22:-1,%22link_url%22:%22https:\/\/www.humbrall.com\/inicio\/index.php\/aviso-de-privacidad\/%22},{%22value%22:%22Doy mi consentimiento para que Humbrall utilice mi informaci\u00f3n personal con el objetivo de ofrecer un mejor servicio al cliente, adaptado a mis preferencias%22,%22checked%22:0,%22dragID%22:0},{%22value%22:%22Doy mi consentimiento para recibir comunicados de marketing sobre productos, servicios y eventos%22,%22checked%22:0,%22dragID%22:1}%93&#8243; fullwidth_field=\u00bbon\u00bb _builder_version=\u00bb4.16&#8243; form_field_background_color=\u00bb#D6D6D6&#8243; form_field_text_color=\u00bb#242424&#8243; form_field_focus_background_color=\u00bb#00208A\u00bb form_field_focus_text_color=\u00bb#00208A\u00bb global_colors_info=\u00bb{}\u00bb button_text_size__hover_enabled=\u00bboff\u00bb button_one_text_size__hover_enabled=\u00bboff\u00bb button_two_text_size__hover_enabled=\u00bboff\u00bb button_text_color__hover_enabled=\u00bboff\u00bb button_one_text_color__hover_enabled=\u00bboff\u00bb button_two_text_color__hover_enabled=\u00bboff\u00bb button_border_width__hover_enabled=\u00bboff\u00bb button_one_border_width__hover_enabled=\u00bboff\u00bb button_two_border_width__hover_enabled=\u00bboff\u00bb button_border_color__hover_enabled=\u00bboff\u00bb button_one_border_color__hover_enabled=\u00bboff\u00bb button_two_border_color__hover_enabled=\u00bboff\u00bb button_border_radius__hover_enabled=\u00bboff\u00bb button_one_border_radius__hover_enabled=\u00bboff\u00bb button_two_border_radius__hover_enabled=\u00bboff\u00bb button_letter_spacing__hover_enabled=\u00bboff\u00bb button_one_letter_spacing__hover_enabled=\u00bboff\u00bb button_two_letter_spacing__hover_enabled=\u00bboff\u00bb button_bg_color__hover_enabled=\u00bboff\u00bb button_one_bg_color__hover_enabled=\u00bboff\u00bb button_two_bg_color__hover_enabled=\u00bboff\u00bb][\/et_pb_contact_field][et_pb_contact_field field_id=\u00bblink\u00bb field_title=\u00bblink\u00bb fullwidth_field=\u00bbon\u00bb _builder_version=\u00bb4.16&#8243; _module_preset=\u00bbdefault\u00bb global_colors_info=\u00bb{}\u00bb][\/et_pb_contact_field][\/et_pb_contact_form][et_pb_code _builder_version=\u00bb4.16&#8243; _module_preset=\u00bbdefault\u00bb global_colors_info=\u00bb{}\u00bb]<script><!-- [et_pb_line_break_holder] -->(function( $ ) {<!-- [et_pb_line_break_holder] -->   $(document).ready(function(){<!-- [et_pb_line_break_holder] -->     <!-- [et_pb_line_break_holder] -->    <!-- [et_pb_line_break_holder] -->     var URLactual = window.location;<!-- [et_pb_line_break_holder] -->    <!-- [et_pb_line_break_holder] --> document.querySelector('p[data-id=\"link\"] input').setAttribute('value', URLactual);<!-- [et_pb_line_break_holder] --><!-- [et_pb_line_break_holder] -->   });  <!-- [et_pb_line_break_holder] -->})( jQuery );<!-- [et_pb_line_break_holder] --><\/script><!-- [et_pb_line_break_holder] --><!-- [et_pb_line_break_holder] --><\/p>\n<style><!-- [et_pb_line_break_holder] -->  p[data-id=\"link\"] {<!-- [et_pb_line_break_holder] -->    margin-bottom:0px;<!-- [et_pb_line_break_holder] -->    height:0px;<!-- [et_pb_line_break_holder] -->  }<!-- [et_pb_line_break_holder] -->  <!-- [et_pb_line_break_holder] -->  p[data-id=\"link\"] input {<!-- [et_pb_line_break_holder] -->     visibility:hidden;<!-- [et_pb_line_break_holder] -->height:0px;<!-- [et_pb_line_break_holder] -->  }<!-- [et_pb_line_break_holder] -->  <!-- [et_pb_line_break_holder] --><\/style>\n<p>[\/et_pb_code][\/et_pb_column][\/et_pb_row][\/et_pb_section]<\/p>\n","protected":false},"excerpt":{"rendered":"<p>\u00daNETE AL MUNDO HUMBRALLSUSCR\u00cdBETE A NUESTRA NEWSLETTER PARA MANTENERTE AL D\u00cdA DE EQUIPOS \u00daNICOS Y NUEVOS LANZAMIENTOS DE PRODUCTOS.<\/p>\n","protected":false},"author":2,"featured_media":0,"parent":0,"menu_order":0,"comment_status":"closed","ping_status":"closed","template":"","meta":{"_et_pb_use_builder":"on","_et_pb_old_content":"","_et_gb_content_width":""},"yoast_head":"<!-- This site is optimized with the Yoast SEO plugin v20.5 - https:\/\/yoast.com\/wordpress\/plugins\/seo\/ -->\r\n<title>Registro - Humbrall<\/title>\r\n<meta name=\"description\" content=\"Suscr\u00edbete a nuestra Newsletter para mantenerte al d\u00eda de equipos \u00fanicos y nuevos lanzamientos de productos.\" \/>\r\n<meta name=\"robots\" content=\"index, follow, max-snippet:-1, max-image-preview:large, max-video-preview:-1\" \/>\r\n<link rel=\"canonical\" href=\"https:\/\/www.humbrall.com\/inicio\/index.php\/reg-newsletter\/\" \/>\r\n<meta property=\"og:locale\" content=\"es_ES\" \/>\r\n<meta property=\"og:type\" content=\"article\" \/>\r\n<meta property=\"og:title\" content=\"Registro - Humbrall\" \/>\r\n<meta property=\"og:description\" content=\"Suscr\u00edbete a nuestra Newsletter para mantenerte al d\u00eda de equipos \u00fanicos y nuevos lanzamientos de productos.\" \/>\r\n<meta property=\"og:url\" content=\"https:\/\/www.humbrall.com\/inicio\/index.php\/reg-newsletter\/\" \/>\r\n<meta property=\"og:site_name\" content=\"Humbrall\" \/>\r\n<meta property=\"article:modified_time\" content=\"2023-04-21T00:12:02+00:00\" \/>\r\n<meta name=\"twitter:card\" content=\"summary_large_image\" \/>\r\n<meta name=\"twitter:label1\" content=\"Tiempo de lectura\" \/>\n\t<meta name=\"twitter:data1\" content=\"2 minutos\" \/>\r\n<script type=\"application\/ld+json\" class=\"yoast-schema-graph\">{\"@context\":\"https:\/\/schema.org\",\"@graph\":[{\"@type\":\"WebPage\",\"@id\":\"https:\/\/www.humbrall.com\/inicio\/index.php\/reg-newsletter\/\",\"url\":\"https:\/\/www.humbrall.com\/inicio\/index.php\/reg-newsletter\/\",\"name\":\"Registro - Humbrall\",\"isPartOf\":{\"@id\":\"https:\/\/www.humbrall.com\/inicio\/#website\"},\"datePublished\":\"2022-06-18T04:36:13+00:00\",\"dateModified\":\"2023-04-21T00:12:02+00:00\",\"description\":\"Suscr\u00edbete a nuestra Newsletter para mantenerte al d\u00eda de equipos \u00fanicos y nuevos lanzamientos de productos.\",\"breadcrumb\":{\"@id\":\"https:\/\/www.humbrall.com\/inicio\/index.php\/reg-newsletter\/#breadcrumb\"},\"inLanguage\":\"es\",\"potentialAction\":[{\"@type\":\"ReadAction\",\"target\":[\"https:\/\/www.humbrall.com\/inicio\/index.php\/reg-newsletter\/\"]}]},{\"@type\":\"BreadcrumbList\",\"@id\":\"https:\/\/www.humbrall.com\/inicio\/index.php\/reg-newsletter\/#breadcrumb\",\"itemListElement\":[{\"@type\":\"ListItem\",\"position\":1,\"name\":\"Portada\",\"item\":\"https:\/\/www.humbrall.com\/inicio\/\"},{\"@type\":\"ListItem\",\"position\":2,\"name\":\"Registro\"}]},{\"@type\":\"WebSite\",\"@id\":\"https:\/\/www.humbrall.com\/inicio\/#website\",\"url\":\"https:\/\/www.humbrall.com\/inicio\/\",\"name\":\"Humbrall\",\"description\":\"Conectando con visi\u00f3n las urbes del futuro\",\"potentialAction\":[{\"@type\":\"SearchAction\",\"target\":{\"@type\":\"EntryPoint\",\"urlTemplate\":\"https:\/\/www.humbrall.com\/inicio\/?s={search_term_string}\"},\"query-input\":\"required name=search_term_string\"}],\"inLanguage\":\"es\"}]}<\/script>\r\n<!-- \/ Yoast SEO plugin. -->","yoast_head_json":{"title":"Registro - Humbrall","description":"Suscr\u00edbete a nuestra Newsletter para mantenerte al d\u00eda de equipos \u00fanicos y nuevos lanzamientos de productos.","robots":{"index":"index","follow":"follow","max-snippet":"max-snippet:-1","max-image-preview":"max-image-preview:large","max-video-preview":"max-video-preview:-1"},"canonical":"https:\/\/www.humbrall.com\/inicio\/index.php\/reg-newsletter\/","og_locale":"es_ES","og_type":"article","og_title":"Registro - Humbrall","og_description":"Suscr\u00edbete a nuestra Newsletter para mantenerte al d\u00eda de equipos \u00fanicos y nuevos lanzamientos de productos.","og_url":"https:\/\/www.humbrall.com\/inicio\/index.php\/reg-newsletter\/","og_site_name":"Humbrall","article_modified_time":"2023-04-21T00:12:02+00:00","twitter_card":"summary_large_image","twitter_misc":{"Tiempo de lectura":"2 minutos"},"schema":{"@context":"https:\/\/schema.org","@graph":[{"@type":"WebPage","@id":"https:\/\/www.humbrall.com\/inicio\/index.php\/reg-newsletter\/","url":"https:\/\/www.humbrall.com\/inicio\/index.php\/reg-newsletter\/","name":"Registro - Humbrall","isPartOf":{"@id":"https:\/\/www.humbrall.com\/inicio\/#website"},"datePublished":"2022-06-18T04:36:13+00:00","dateModified":"2023-04-21T00:12:02+00:00","description":"Suscr\u00edbete a nuestra Newsletter para mantenerte al d\u00eda de equipos \u00fanicos y nuevos lanzamientos de productos.","breadcrumb":{"@id":"https:\/\/www.humbrall.com\/inicio\/index.php\/reg-newsletter\/#breadcrumb"},"inLanguage":"es","potentialAction":[{"@type":"ReadAction","target":["https:\/\/www.humbrall.com\/inicio\/index.php\/reg-newsletter\/"]}]},{"@type":"BreadcrumbList","@id":"https:\/\/www.humbrall.com\/inicio\/index.php\/reg-newsletter\/#breadcrumb","itemListElement":[{"@type":"ListItem","position":1,"name":"Portada","item":"https:\/\/www.humbrall.com\/inicio\/"},{"@type":"ListItem","position":2,"name":"Registro"}]},{"@type":"WebSite","@id":"https:\/\/www.humbrall.com\/inicio\/#website","url":"https:\/\/www.humbrall.com\/inicio\/","name":"Humbrall","description":"Conectando con visi\u00f3n las urbes del futuro","potentialAction":[{"@type":"SearchAction","target":{"@type":"EntryPoint","urlTemplate":"https:\/\/www.humbrall.com\/inicio\/?s={search_term_string}"},"query-input":"required name=search_term_string"}],"inLanguage":"es"}]}},"_links":{"self":[{"href":"https:\/\/www.humbrall.com\/inicio\/index.php\/wp-json\/wp\/v2\/pages\/30614"}],"collection":[{"href":"https:\/\/www.humbrall.com\/inicio\/index.php\/wp-json\/wp\/v2\/pages"}],"about":[{"href":"https:\/\/www.humbrall.com\/inicio\/index.php\/wp-json\/wp\/v2\/types\/page"}],"author":[{"embeddable":true,"href":"https:\/\/www.humbrall.com\/inicio\/index.php\/wp-json\/wp\/v2\/users\/2"}],"replies":[{"embeddable":true,"href":"https:\/\/www.humbrall.com\/inicio\/index.php\/wp-json\/wp\/v2\/comments?post=30614"}],"version-history":[{"count":37,"href":"https:\/\/www.humbrall.com\/inicio\/index.php\/wp-json\/wp\/v2\/pages\/30614\/revisions"}],"predecessor-version":[{"id":32297,"href":"https:\/\/www.humbrall.com\/inicio\/index.php\/wp-json\/wp\/v2\/pages\/30614\/revisions\/32297"}],"wp:attachment":[{"href":"https:\/\/www.humbrall.com\/inicio\/index.php\/wp-json\/wp\/v2\/media?parent=30614"}],"curies":[{"name":"wp","href":"https:\/\/api.w.org\/{rel}","templated":true}]}}