{"id":30946,"date":"2022-06-21T23:52:47","date_gmt":"2022-06-21T23:52:47","guid":{"rendered":"https:\/\/humbrall.com\/inicio\/?page_id=30946"},"modified":"2023-04-26T22:59:39","modified_gmt":"2023-04-26T22:59:39","slug":"nuestros-clientes","status":"publish","type":"page","link":"https:\/\/www.humbrall.com\/inicio\/index.php\/nuestros-clientes\/","title":{"rendered":"Nuestros clientes"},"content":{"rendered":"<p>[et_pb_section fb_built=\u00bb1&#8243; disabled_on=\u00bboff|off|off\u00bb module_id=\u00bbnews\u00bb _builder_version=\u00bb4.20.4&#8243; _module_preset=\u00bbdefault\u00bb background_color_gradient_direction=\u00bb100deg\u00bb background_color_gradient_stops=\u00bb#489118 0%|#004c75 68%\u00bb background_color_gradient_start=\u00bb#489118&#8243; background_color_gradient_end=\u00bb#004c75&#8243; background_color_gradient_end_position=\u00bb68%\u00bb transform_scale=\u00bb125%|125%\u00bb width=\u00bb100%\u00bb width_tablet=\u00bb\u00bb width_phone=\u00bb100%\u00bb width_last_edited=\u00bbon|phone\u00bb max_width=\u00bb100%\u00bb max_width_tablet=\u00bb\u00bb max_width_phone=\u00bb\u00bb max_width_last_edited=\u00bbon|desktop\u00bb height=\u00bbauto\u00bb custom_margin=\u00bb-35px||||false|false\u00bb bottom_divider_style=\u00bbwave2&#8243; bottom_divider_color=\u00bb#FFFFFF\u00bb bottom_divider_flip=\u00bbhorizontal\u00bb bottom_divider_style_tablet=\u00bbwave2&#8243; bottom_divider_style_phone=\u00bbwave2&#8243; bottom_divider_style_last_edited=\u00bbon|desktop\u00bb bottom_divider_color_tablet=\u00bb#FFFFFF\u00bb bottom_divider_color_phone=\u00bb#FFFFFF\u00bb bottom_divider_color_last_edited=\u00bbon|phone\u00bb locked=\u00bboff\u00bb global_colors_info=\u00bb{}\u00bb][et_pb_row _builder_version=\u00bb4.16&#8243; _module_preset=\u00bbdefault\u00bb hover_enabled=\u00bb0&#8243; global_colors_info=\u00bb{}\u00bb sticky_enabled=\u00bb0&#8243;][et_pb_column type=\u00bb4_4&#8243; _builder_version=\u00bb4.16&#8243; _module_preset=\u00bbdefault\u00bb global_colors_info=\u00bb{}\u00bb][et_pb_text content_tablet=\u00bb<\/p>\n<h3><strong>  Noticias y Eventos<\/strong><\/h3>\n<p>\u00bb content_phone=\u00bb<\/p>\n<h3><strong>Noticias y Eventos<\/strong><\/h3>\n<p>\u00bb content_last_edited=\u00bbon|phone\u00bb _builder_version=\u00bb4.20.4&#8243; _module_preset=\u00bbdefault\u00bb text_font_size=\u00bb30px\u00bb custom_margin=\u00bb0px|||150px|false|false\u00bb custom_margin_tablet=\u00bb-30px||||false|false\u00bb custom_margin_phone=\u00bb15px|||45px|false|false\u00bb custom_margin_last_edited=\u00bbon|phone\u00bb custom_padding=\u00bb||15px||false|false\u00bb text_font_size_tablet=\u00bb25px\u00bb text_font_size_phone=\u00bb25px\u00bb text_font_size_last_edited=\u00bbon|desktop\u00bb global_colors_info=\u00bb{}\u00bb]<span style=\"color: #ffffff;\"><strong><span style=\"color: #ffffff;\">Noticias y Eventos<\/span><\/strong><\/span><br \/>\n[\/et_pb_text][\/et_pb_column][\/et_pb_row][\/et_pb_section][et_pb_section fb_built=\u00bb1&#8243; _builder_version=\u00bb4.16&#8243; _module_preset=\u00bbdefault\u00bb use_background_color_gradient=\u00bboff\u00bb width_tablet=\u00bb\u00bb width_phone=\u00bb\u00bb width_last_edited=\u00bbon|phone\u00bb height=\u00bbauto\u00bb custom_padding=\u00bb||6px|||\u00bb bottom_divider_style_tablet=\u00bb\u00bb bottom_divider_style_phone=\u00bb\u00bb bottom_divider_style_last_edited=\u00bbon|desktop\u00bb use_background_color_gradient_tablet=\u00bboff\u00bb use_background_color_gradient_phone=\u00bboff\u00bb global_colors_info=\u00bb{}\u00bb][et_pb_row _builder_version=\u00bb4.16&#8243; _module_preset=\u00bbdefault\u00bb global_colors_info=\u00bb{}\u00bb][et_pb_column type=\u00bb4_4&#8243; _builder_version=\u00bb4.16&#8243; _module_preset=\u00bbdefault\u00bb global_colors_info=\u00bb{}\u00bb][et_pb_image src=\u00bbhttps:\/\/www.humbrall.com\/inicio\/wp-content\/uploads\/2022\/06\/kilzbc8jz_newsletter.introducao.jpg\u00bb title_text=\u00bbkilzbc8jz_newsletter.introducao\u00bb show_in_lightbox=\u00bbon\u00bb _builder_version=\u00bb4.16&#8243; _module_preset=\u00bbdefault\u00bb global_colors_info=\u00bb{}\u00bb][\/et_pb_image][\/et_pb_column][\/et_pb_row][et_pb_row column_structure=\u00bb1_4,1_4,1_4,1_4&#8243; _builder_version=\u00bb4.16&#8243; _module_preset=\u00bbdefault\u00bb global_colors_info=\u00bb{}\u00bb][et_pb_column type=\u00bb1_4&#8243; _builder_version=\u00bb4.16&#8243; _module_preset=\u00bbdefault\u00bb global_colors_info=\u00bb{}\u00bb][et_pb_gallery gallery_ids=\u00bb31017&#8243; _builder_version=\u00bb4.16&#8243; _module_preset=\u00bbdefault\u00bb title_font_size=\u00bb16px\u00bb hover_enabled=\u00bb0&#8243; global_colors_info=\u00bb{}\u00bb sticky_enabled=\u00bb0&#8243;][\/et_pb_gallery][\/et_pb_column][et_pb_column type=\u00bb1_4&#8243; _builder_version=\u00bb4.16&#8243; _module_preset=\u00bbdefault\u00bb global_colors_info=\u00bb{}\u00bb][et_pb_gallery gallery_ids=\u00bb30951,32334&#8243; _builder_version=\u00bb4.20.4&#8243; _module_preset=\u00bbdefault\u00bb hover_enabled=\u00bb0&#8243; global_colors_info=\u00bb{}\u00bb sticky_enabled=\u00bb0&#8243;][\/et_pb_gallery][\/et_pb_column][et_pb_column type=\u00bb1_4&#8243; _builder_version=\u00bb4.16&#8243; _module_preset=\u00bbdefault\u00bb global_colors_info=\u00bb{}\u00bb][et_pb_gallery gallery_ids=\u00bb30952&#8243; _builder_version=\u00bb4.16&#8243; _module_preset=\u00bbdefault\u00bb global_colors_info=\u00bb{}\u00bb][\/et_pb_gallery][\/et_pb_column][et_pb_column type=\u00bb1_4&#8243; _builder_version=\u00bb4.16&#8243; _module_preset=\u00bbdefault\u00bb global_colors_info=\u00bb{}\u00bb][\/et_pb_column][\/et_pb_row][\/et_pb_section]<\/p>\n","protected":false},"excerpt":{"rendered":"<p>Noticias y Eventos<\/p>\n","protected":false},"author":2,"featured_media":0,"parent":0,"menu_order":0,"comment_status":"closed","ping_status":"closed","template":"","meta":{"_et_pb_use_builder":"on","_et_pb_old_content":"","_et_gb_content_width":""},"yoast_head":"<!-- This site is optimized with the Yoast SEO plugin v20.5 - https:\/\/yoast.com\/wordpress\/plugins\/seo\/ -->\r\n<title>Nuestros clientes - Humbrall<\/title>\r\n<meta name=\"description\" content=\"Suscr\u00edbete a nuestra Newsletter para mantenerte al d\u00eda de equipos \u00fanicos y nuevos lanzamientos de productos.\" \/>\r\n<meta name=\"robots\" content=\"index, follow, max-snippet:-1, max-image-preview:large, max-video-preview:-1\" \/>\r\n<link rel=\"canonical\" href=\"https:\/\/www.humbrall.com\/inicio\/index.php\/nuestros-clientes\/\" \/>\r\n<meta property=\"og:locale\" content=\"es_ES\" \/>\r\n<meta property=\"og:type\" content=\"article\" \/>\r\n<meta property=\"og:title\" content=\"Nuestros clientes - Humbrall\" \/>\r\n<meta property=\"og:description\" content=\"Suscr\u00edbete a nuestra Newsletter para mantenerte al d\u00eda de equipos \u00fanicos y nuevos lanzamientos de productos.\" \/>\r\n<meta property=\"og:url\" content=\"https:\/\/www.humbrall.com\/inicio\/index.php\/nuestros-clientes\/\" \/>\r\n<meta property=\"og:site_name\" content=\"Humbrall\" \/>\r\n<meta property=\"article:modified_time\" content=\"2023-04-26T22:59:39+00:00\" \/>\r\n<meta name=\"twitter:card\" content=\"summary_large_image\" \/>\r\n<meta name=\"twitter:label1\" content=\"Tiempo de lectura\" \/>\n\t<meta name=\"twitter:data1\" content=\"1 minuto\" \/>\r\n<script type=\"application\/ld+json\" class=\"yoast-schema-graph\">{\"@context\":\"https:\/\/schema.org\",\"@graph\":[{\"@type\":\"WebPage\",\"@id\":\"https:\/\/www.humbrall.com\/inicio\/index.php\/nuestros-clientes\/\",\"url\":\"https:\/\/www.humbrall.com\/inicio\/index.php\/nuestros-clientes\/\",\"name\":\"Nuestros clientes - Humbrall\",\"isPartOf\":{\"@id\":\"https:\/\/www.humbrall.com\/inicio\/#website\"},\"datePublished\":\"2022-06-21T23:52:47+00:00\",\"dateModified\":\"2023-04-26T22:59:39+00:00\",\"description\":\"Suscr\u00edbete a nuestra Newsletter para mantenerte al d\u00eda de equipos \u00fanicos y nuevos lanzamientos de productos.\",\"breadcrumb\":{\"@id\":\"https:\/\/www.humbrall.com\/inicio\/index.php\/nuestros-clientes\/#breadcrumb\"},\"inLanguage\":\"es\",\"potentialAction\":[{\"@type\":\"ReadAction\",\"target\":[\"https:\/\/www.humbrall.com\/inicio\/index.php\/nuestros-clientes\/\"]}]},{\"@type\":\"BreadcrumbList\",\"@id\":\"https:\/\/www.humbrall.com\/inicio\/index.php\/nuestros-clientes\/#breadcrumb\",\"itemListElement\":[{\"@type\":\"ListItem\",\"position\":1,\"name\":\"Portada\",\"item\":\"https:\/\/www.humbrall.com\/inicio\/\"},{\"@type\":\"ListItem\",\"position\":2,\"name\":\"Nuestros clientes\"}]},{\"@type\":\"WebSite\",\"@id\":\"https:\/\/www.humbrall.com\/inicio\/#website\",\"url\":\"https:\/\/www.humbrall.com\/inicio\/\",\"name\":\"Humbrall\",\"description\":\"Conectando con visi\u00f3n las urbes del futuro\",\"potentialAction\":[{\"@type\":\"SearchAction\",\"target\":{\"@type\":\"EntryPoint\",\"urlTemplate\":\"https:\/\/www.humbrall.com\/inicio\/?s={search_term_string}\"},\"query-input\":\"required name=search_term_string\"}],\"inLanguage\":\"es\"}]}<\/script>\r\n<!-- \/ Yoast SEO plugin. -->","yoast_head_json":{"title":"Nuestros clientes - Humbrall","description":"Suscr\u00edbete a nuestra Newsletter para mantenerte al d\u00eda de equipos \u00fanicos y nuevos lanzamientos de productos.","robots":{"index":"index","follow":"follow","max-snippet":"max-snippet:-1","max-image-preview":"max-image-preview:large","max-video-preview":"max-video-preview:-1"},"canonical":"https:\/\/www.humbrall.com\/inicio\/index.php\/nuestros-clientes\/","og_locale":"es_ES","og_type":"article","og_title":"Nuestros clientes - Humbrall","og_description":"Suscr\u00edbete a nuestra Newsletter para mantenerte al d\u00eda de equipos \u00fanicos y nuevos lanzamientos de productos.","og_url":"https:\/\/www.humbrall.com\/inicio\/index.php\/nuestros-clientes\/","og_site_name":"Humbrall","article_modified_time":"2023-04-26T22:59:39+00:00","twitter_card":"summary_large_image","twitter_misc":{"Tiempo de lectura":"1 minuto"},"schema":{"@context":"https:\/\/schema.org","@graph":[{"@type":"WebPage","@id":"https:\/\/www.humbrall.com\/inicio\/index.php\/nuestros-clientes\/","url":"https:\/\/www.humbrall.com\/inicio\/index.php\/nuestros-clientes\/","name":"Nuestros clientes - Humbrall","isPartOf":{"@id":"https:\/\/www.humbrall.com\/inicio\/#website"},"datePublished":"2022-06-21T23:52:47+00:00","dateModified":"2023-04-26T22:59:39+00:00","description":"Suscr\u00edbete a nuestra Newsletter para mantenerte al d\u00eda de equipos \u00fanicos y nuevos lanzamientos de productos.","breadcrumb":{"@id":"https:\/\/www.humbrall.com\/inicio\/index.php\/nuestros-clientes\/#breadcrumb"},"inLanguage":"es","potentialAction":[{"@type":"ReadAction","target":["https:\/\/www.humbrall.com\/inicio\/index.php\/nuestros-clientes\/"]}]},{"@type":"BreadcrumbList","@id":"https:\/\/www.humbrall.com\/inicio\/index.php\/nuestros-clientes\/#breadcrumb","itemListElement":[{"@type":"ListItem","position":1,"name":"Portada","item":"https:\/\/www.humbrall.com\/inicio\/"},{"@type":"ListItem","position":2,"name":"Nuestros clientes"}]},{"@type":"WebSite","@id":"https:\/\/www.humbrall.com\/inicio\/#website","url":"https:\/\/www.humbrall.com\/inicio\/","name":"Humbrall","description":"Conectando con visi\u00f3n las urbes del futuro","potentialAction":[{"@type":"SearchAction","target":{"@type":"EntryPoint","urlTemplate":"https:\/\/www.humbrall.com\/inicio\/?s={search_term_string}"},"query-input":"required name=search_term_string"}],"inLanguage":"es"}]}},"_links":{"self":[{"href":"https:\/\/www.humbrall.com\/inicio\/index.php\/wp-json\/wp\/v2\/pages\/30946"}],"collection":[{"href":"https:\/\/www.humbrall.com\/inicio\/index.php\/wp-json\/wp\/v2\/pages"}],"about":[{"href":"https:\/\/www.humbrall.com\/inicio\/index.php\/wp-json\/wp\/v2\/types\/page"}],"author":[{"embeddable":true,"href":"https:\/\/www.humbrall.com\/inicio\/index.php\/wp-json\/wp\/v2\/users\/2"}],"replies":[{"embeddable":true,"href":"https:\/\/www.humbrall.com\/inicio\/index.php\/wp-json\/wp\/v2\/comments?post=30946"}],"version-history":[{"count":44,"href":"https:\/\/www.humbrall.com\/inicio\/index.php\/wp-json\/wp\/v2\/pages\/30946\/revisions"}],"predecessor-version":[{"id":32335,"href":"https:\/\/www.humbrall.com\/inicio\/index.php\/wp-json\/wp\/v2\/pages\/30946\/revisions\/32335"}],"wp:attachment":[{"href":"https:\/\/www.humbrall.com\/inicio\/index.php\/wp-json\/wp\/v2\/media?parent=30946"}],"curies":[{"name":"wp","href":"https:\/\/api.w.org\/{rel}","templated":true}]}}