{"id":32233,"date":"2023-04-20T20:14:58","date_gmt":"2023-04-20T20:14:58","guid":{"rendered":"https:\/\/www.humbrall.com\/inicio\/?page_id=32233"},"modified":"2023-06-13T18:56:11","modified_gmt":"2023-06-13T18:56:11","slug":"landing-page","status":"publish","type":"page","link":"https:\/\/www.humbrall.com\/inicio\/index.php\/landing-page\/","title":{"rendered":"Landing Page"},"content":{"rendered":"<p>[et_pb_section fb_built=\u00bb1&#8243; custom_padding_last_edited=\u00bbon|phone\u00bb _builder_version=\u00bb4.20.4&#8243; _module_preset=\u00bbdefault\u00bb use_background_color_gradient=\u00bboff\u00bb background_enable_image=\u00bboff\u00bb background_blend=\u00bbmultiply\u00bb background_video_mp4=\u00bbhttps:\/\/www.humbrall.com\/inicio\/wp-content\/uploads\/2023\/04\/import_6166e79cddeab9.62548001_FPpreview-1-1.mp4&#8243; background_enable_video_webm=\u00bboff\u00bb background_video_pause_outside_viewport=\u00bboff\u00bb width_tablet=\u00bb\u00bb width_phone=\u00bb\u00bb width_last_edited=\u00bbon|phone\u00bb height=\u00bb660px\u00bb height_tablet=\u00bbauto\u00bb height_phone=\u00bb\u00bb height_last_edited=\u00bbon|phone\u00bb custom_margin=\u00bb||||false|false\u00bb custom_margin_tablet=\u00bb||||false|false\u00bb custom_margin_phone=\u00bb||||false|false\u00bb custom_margin_last_edited=\u00bbon|desktop\u00bb custom_padding=\u00bb||||false|false\u00bb custom_padding_tablet=\u00bb||||false|false\u00bb custom_padding_phone=\u00bb||0px||false|false\u00bb top_divider_style=\u00bbslant2&#8243; top_divider_color=\u00bbrgba(0,0,0,0.81)\u00bb top_divider_height=\u00bb396px\u00bb top_divider_flip=\u00bbhorizontal\u00bb bottom_divider_style=\u00bbslant2&#8243; bottom_divider_color=\u00bbrgba(0,0,0,0.81)\u00bb bottom_divider_height=\u00bb334px\u00bb bottom_divider_flip=\u00bbvertical\u00bb background_last_edited=\u00bbon|tablet\u00bb use_background_color_gradient_tablet=\u00bboff\u00bb use_background_color_gradient_phone=\u00bboff\u00bb background_video_mp4_phone=\u00bbhttps:\/\/www.humbrall.com\/inicio\/wp-content\/uploads\/2023\/04\/import_6166e79cddeab9.62548001_FPpreview-1-1.mp4&#8243; background_enable_video_mp4_phone=\u00bbon\u00bb global_colors_info=\u00bb{}\u00bb][et_pb_row column_structure=\u00bb1_2,1_2&#8243; use_custom_gutter=\u00bbon\u00bb gutter_width=\u00bb4&#8243; custom_padding_last_edited=\u00bbon|desktop\u00bb _builder_version=\u00bb4.20.4&#8243; _module_preset=\u00bbdefault\u00bb custom_margin=\u00bb50px||||false|false\u00bb custom_margin_tablet=\u00bb-100px||||false|false\u00bb custom_margin_phone=\u00bb0px||0px||false|false\u00bb custom_margin_last_edited=\u00bbon|desktop\u00bb custom_padding=\u00bb||||false|false\u00bb custom_padding_tablet=\u00bb0px||||false|false\u00bb custom_padding_phone=\u00bb0px||0px||false|false\u00bb global_colors_info=\u00bb{}\u00bb][et_pb_column type=\u00bb1_2&#8243; _builder_version=\u00bb4.20.4&#8243; _module_preset=\u00bbdefault\u00bb global_colors_info=\u00bb{}\u00bb][et_pb_text content_tablet=\u00bb<\/p>\n<h1><span style=%22color: #00ffff;%22>Bienvenido a Humbrall<\/span><\/h1>\n<h3><span style=%22color: #00ff00;%22>Se parte del mundo Humbrall.<\/span><\/h3>\n<p><span style=%22color: #ffffff;%22>Registrate para obtener grandes beneficios, promociones y descuentos.<\/span><\/p>\n<p>\u00bb content_phone=\u00bb<\/p>\n<h2><span style=%22color: #00ffff;%22>Bienvenido a Humbrall<\/span><\/h2>\n<h4><span style=%22color: #00ff00;%22>Se parte del mundo Humbrall.<\/span><\/h4>\n<p><span style=%22color: #ffffff;%22>Registrate para obtener grandes beneficios, promociones y descuentos.<\/span><\/p>\n<p>\u00bb content_last_edited=\u00bbon|phone\u00bb _builder_version=\u00bb4.20.4&#8243; _module_preset=\u00bbdefault\u00bb text_font_size=\u00bb18px\u00bb custom_margin=\u00bb10px||||false|false\u00bb custom_margin_tablet=\u00bb100px||||false|false\u00bb custom_margin_phone=\u00bb0px||0px||false|false\u00bb custom_margin_last_edited=\u00bbon|phone\u00bb custom_padding=\u00bb0px||0px||false|false\u00bb text_font_size_tablet=\u00bb\u00bb text_font_size_phone=\u00bb16px\u00bb text_font_size_last_edited=\u00bbon|phone\u00bb global_colors_info=\u00bb{}\u00bb]<\/p>\n<h1><span style=\"color: #00ffff;\">Bienvenido a Humbrall<\/span><\/h1>\n<h3><span style=\"color: #00ff00;\">Se parte del mundo Humbrall.<\/span><\/h3>\n<p><span style=\"color: #ffffff;\">Registrate para obtener grandes beneficios, promociones y descuentos.<\/span>[\/et_pb_text][et_pb_contact_form use_spam_service=\u00bbon\u00bb recaptcha_list=\u00bbDefault|Default-0&#8243; email=\u00bbmarketing@humbrall.com\u00bb custom_message=\u00bbREGISTRO NEWSLETTER HUMBRALL.COM||et_pb_line_break_holder||___________________________________________||et_pb_line_break_holder||||et_pb_line_break_holder||Nombre completo: %%Name%%||et_pb_line_break_holder||Correo Electr\u00f3nico: %%Email%%||et_pb_line_break_holder||Tel\u00e9fono a 10 d\u00edgitos: %%tel%%\u00bb use_redirect=\u00bbon\u00bb redirect_url=\u00bbhttps:\/\/www.humbrall.com\/inicio\/index.php\/mundo-humbrall\/\u00bb submit_button_text=\u00bbRegistro\u00bb _builder_version=\u00bb4.20.4&#8243; _module_preset=\u00bbdefault\u00bb _unique_id=\u00bbf987bd8d-a916-4cd5-ab91-f3a87bb58e32&#8243; background_color=\u00bbrgba(255,255,255,0.51)\u00bb custom_button=\u00bbon\u00bb button_text_size=\u00bb18px\u00bb button_text_color=\u00bb#217077&#8243; button_bg_color=\u00bbrgba(255,255,255,0.51)\u00bb button_border_color=\u00bbRGBA(255,255,255,0)\u00bb button_border_radius=\u00bb5px\u00bb button_font=\u00bb|600|||||||\u00bb button_icon=\u00bb&#xe052;||divi||400&#8243; button_icon_color=\u00bb#12876F\u00bb button_custom_margin=\u00bb7px||||false|false\u00bb button_custom_padding=\u00bb1px||1px||false|false\u00bb width_tablet=\u00bb\u00bb width_phone=\u00bb\u00bb width_last_edited=\u00bbon|tablet\u00bb custom_margin=\u00bb50px||||false|false\u00bb custom_margin_tablet=\u00bb20px||1px||false|false\u00bb custom_margin_phone=\u00bb20px||40px||false|false\u00bb custom_margin_last_edited=\u00bbon|phone\u00bb custom_padding=\u00bb20px|20px|20px|20px|false|false\u00bb button_text_size_tablet=\u00bb18px\u00bb button_text_size_phone=\u00bb16px\u00bb button_text_size_last_edited=\u00bbon|tablet\u00bb global_colors_info=\u00bb{}\u00bb][et_pb_contact_field field_id=\u00bbName\u00bb field_title=\u00bbNombre completo\u00bb _builder_version=\u00bb4.20.4&#8243; border_radii=\u00bbon|5px|5px|5px|5px\u00bb global_colors_info=\u00bb{}\u00bb button_text_size__hover_enabled=\u00bboff\u00bb button_one_text_size__hover_enabled=\u00bboff\u00bb button_two_text_size__hover_enabled=\u00bboff\u00bb button_text_color__hover_enabled=\u00bboff\u00bb button_one_text_color__hover_enabled=\u00bboff\u00bb button_two_text_color__hover_enabled=\u00bboff\u00bb button_border_width__hover_enabled=\u00bboff\u00bb button_one_border_width__hover_enabled=\u00bboff\u00bb button_two_border_width__hover_enabled=\u00bboff\u00bb button_border_color__hover_enabled=\u00bboff\u00bb button_one_border_color__hover_enabled=\u00bboff\u00bb button_two_border_color__hover_enabled=\u00bboff\u00bb button_border_radius__hover_enabled=\u00bboff\u00bb button_one_border_radius__hover_enabled=\u00bboff\u00bb button_two_border_radius__hover_enabled=\u00bboff\u00bb button_letter_spacing__hover_enabled=\u00bboff\u00bb button_one_letter_spacing__hover_enabled=\u00bboff\u00bb button_two_letter_spacing__hover_enabled=\u00bboff\u00bb button_bg_color__hover_enabled=\u00bboff\u00bb button_one_bg_color__hover_enabled=\u00bboff\u00bb button_two_bg_color__hover_enabled=\u00bboff\u00bb][\/et_pb_contact_field][et_pb_contact_field field_id=\u00bbEmail\u00bb field_title=\u00bbCorreo electr\u00f3nico\u00bb field_type=\u00bbemail\u00bb _builder_version=\u00bb4.20.4&#8243; border_radii=\u00bbon|5px|5px|5px|5px\u00bb global_colors_info=\u00bb{}\u00bb button_text_size__hover_enabled=\u00bboff\u00bb button_one_text_size__hover_enabled=\u00bboff\u00bb button_two_text_size__hover_enabled=\u00bboff\u00bb button_text_color__hover_enabled=\u00bboff\u00bb button_one_text_color__hover_enabled=\u00bboff\u00bb button_two_text_color__hover_enabled=\u00bboff\u00bb button_border_width__hover_enabled=\u00bboff\u00bb button_one_border_width__hover_enabled=\u00bboff\u00bb button_two_border_width__hover_enabled=\u00bboff\u00bb button_border_color__hover_enabled=\u00bboff\u00bb button_one_border_color__hover_enabled=\u00bboff\u00bb button_two_border_color__hover_enabled=\u00bboff\u00bb button_border_radius__hover_enabled=\u00bboff\u00bb button_one_border_radius__hover_enabled=\u00bboff\u00bb button_two_border_radius__hover_enabled=\u00bboff\u00bb button_letter_spacing__hover_enabled=\u00bboff\u00bb button_one_letter_spacing__hover_enabled=\u00bboff\u00bb button_two_letter_spacing__hover_enabled=\u00bboff\u00bb button_bg_color__hover_enabled=\u00bboff\u00bb button_one_bg_color__hover_enabled=\u00bboff\u00bb button_two_bg_color__hover_enabled=\u00bboff\u00bb][\/et_pb_contact_field][et_pb_contact_field field_id=\u00bbTel\u00bb field_title=\u00bbTel\u00e9fono a 10 d\u00edgitos\u00bb fullwidth_field=\u00bbon\u00bb _builder_version=\u00bb4.20.4&#8243; _module_preset=\u00bbdefault\u00bb border_radii=\u00bbon|5px|5px|5px|5px\u00bb global_colors_info=\u00bb{}\u00bb][\/et_pb_contact_field][\/et_pb_contact_form][\/et_pb_column][et_pb_column type=\u00bb1_2&#8243; _builder_version=\u00bb4.20.4&#8243; _module_preset=\u00bbdefault\u00bb global_colors_info=\u00bb{}\u00bb][et_pb_text content_tablet=\u00bb<\/p>\n<p style=%22text-align: justify;%22><span style=%22color: #00ff00;%22>Humbrall, <span style=%22color: #ffffff;%22>empresa orgullosamente mexicana con m\u00e1s de 28 a\u00f1os, nos dedicamos al dise\u00f1o, fabricaci\u00f3n, y comercializaci\u00f3n de soluciones para los sectores de telecomunicaciones, fibra \u00f3ptica y energ\u00eda, la calidad de nuestros productos nos distingue nacional e internacionalmente, logrando as\u00ed un compromiso y dedicaci\u00f3n a trav\u00e9s del acompa\u00f1amiento y asesor\u00eda t\u00e9cnica para nuestros socios de negocios brindando una garant\u00eda de 20 a\u00f1os en nuestros productos.<\/span><\/span><\/p>\n<p style=%22text-align: justify;%22><span style=%22color: #00ff00;%22><span style=%22color: #00ffff;%22><em>Logrando as\u00ed la satisfacci\u00f3n total de nuestros clientes.<\/em><\/span><\/span><\/p>\n<p>\u00bb content_phone=\u00bb<\/p>\n<p style=%22text-align: justify;%22><span style=%22color: #00ff00;%22>Humbrall, <span style=%22color: #ffffff;%22>empresa orgullosamente mexicana con m\u00e1s de 28 a\u00f1os, nos dedicamos al dise\u00f1o, fabricaci\u00f3n, y comercializaci\u00f3n de soluciones para los sectores de telecomunicaciones, fibra \u00f3ptica y energ\u00eda, la calidad de nuestros productos nos distingue nacional e internacionalmente, logrando as\u00ed un compromiso y dedicaci\u00f3n a trav\u00e9s del acompa\u00f1amiento y asesor\u00eda t\u00e9cnica para nuestros socios de negocios brindando una garant\u00eda de 20 a\u00f1os en nuestros productos.<\/span><\/span><\/p>\n<p style=%22text-align: justify;%22><span style=%22color: #00ff00;%22><span style=%22color: #00ffff;%22><em>Logrando as\u00ed la satisfacci\u00f3n total de nuestros clientes.<\/em><\/span><\/span><\/p>\n<p>\u00bb content_last_edited=\u00bbon|desktop\u00bb _builder_version=\u00bb4.20.4&#8243; _module_preset=\u00bbdefault\u00bb text_font_size=\u00bb20px\u00bb custom_margin=\u00bb51px||||false|false\u00bb custom_margin_tablet=\u00bb100px||||false|false\u00bb custom_margin_phone=\u00bb0px||0px||false|false\u00bb custom_margin_last_edited=\u00bbon|phone\u00bb custom_padding=\u00bb0px||0px||false|false\u00bb hover_enabled=\u00bb0&#8243; text_font_size_tablet=\u00bb19px\u00bb text_font_size_phone=\u00bb16px\u00bb text_font_size_last_edited=\u00bbon|desktop\u00bb global_colors_info=\u00bb{}\u00bb text_font=\u00bb||||||||\u00bb sticky_enabled=\u00bb0&#8243;]<\/p>\n<p style=\"text-align: justify;\"><span style=\"color: #00ff00;\">Humbrall, <span style=\"color: #ffffff;\">empresa orgullosamente mexicana con m\u00e1s de 28 a\u00f1os, nos dedicamos al dise\u00f1o, fabricaci\u00f3n, y comercializaci\u00f3n de soluciones para los sectores de telecomunicaciones, fibra \u00f3ptica y energ\u00eda, la calidad de nuestros productos nos distingue nacional e internacionalmente, logrando as\u00ed un compromiso y dedicaci\u00f3n a trav\u00e9s del acompa\u00f1amiento y asesor\u00eda t\u00e9cnica para nuestros socios de negocios brindando una garant\u00eda de 20 a\u00f1os en nuestros productos.<\/span><\/span><\/p>\n<p style=\"text-align: justify;\"><span style=\"color: #00ff00;\"><span style=\"color: #00ffff;\"><em>Logrando as\u00ed la satisfacci\u00f3n total de nuestros clientes.<\/em><\/span><\/span><\/p>\n<p>[\/et_pb_text][\/et_pb_column][\/et_pb_row][\/et_pb_section]<\/p>\n","protected":false},"excerpt":{"rendered":"<p>Bienvenido a Humbrall Se parte del mundo Humbrall. Registrate para obtener grandes beneficios, promociones y descuentos.Humbrall, empresa orgullosamente mexicana con m\u00e1s de 28 a\u00f1os, nos dedicamos al dise\u00f1o, fabricaci\u00f3n, y comercializaci\u00f3n de soluciones para los sectores de telecomunicaciones, fibra \u00f3ptica y energ\u00eda, la calidad de nuestros productos nos distingue nacional e internacionalmente, logrando as\u00ed un [&hellip;]<\/p>\n","protected":false},"author":2,"featured_media":0,"parent":0,"menu_order":0,"comment_status":"closed","ping_status":"closed","template":"","meta":{"_et_pb_use_builder":"on","_et_pb_old_content":"","_et_gb_content_width":""},"yoast_head":"<!-- This site is optimized with the Yoast SEO plugin v20.5 - https:\/\/yoast.com\/wordpress\/plugins\/seo\/ -->\r\n<title>Landing Page - Humbrall<\/title>\r\n<meta name=\"robots\" content=\"index, follow, max-snippet:-1, max-image-preview:large, max-video-preview:-1\" \/>\r\n<link rel=\"canonical\" href=\"https:\/\/www.humbrall.com\/inicio\/index.php\/landing-page\/\" \/>\r\n<meta property=\"og:locale\" content=\"es_ES\" \/>\r\n<meta property=\"og:type\" content=\"article\" \/>\r\n<meta property=\"og:title\" content=\"Landing Page - Humbrall\" \/>\r\n<meta property=\"og:description\" content=\"Bienvenido a Humbrall Se parte del mundo Humbrall. Registrate para obtener grandes beneficios, promociones y descuentos.Humbrall, empresa orgullosamente mexicana con m\u00e1s de 28 a\u00f1os, nos dedicamos al dise\u00f1o, fabricaci\u00f3n, y comercializaci\u00f3n de soluciones para los sectores de telecomunicaciones, fibra \u00f3ptica y energ\u00eda, la calidad de nuestros productos nos distingue nacional e internacionalmente, logrando as\u00ed un [&hellip;]\" \/>\r\n<meta property=\"og:url\" content=\"https:\/\/www.humbrall.com\/inicio\/index.php\/landing-page\/\" \/>\r\n<meta property=\"og:site_name\" content=\"Humbrall\" \/>\r\n<meta property=\"article:modified_time\" content=\"2023-06-13T18:56:11+00:00\" \/>\r\n<meta name=\"twitter:card\" content=\"summary_large_image\" \/>\r\n<meta name=\"twitter:label1\" content=\"Tiempo de lectura\" \/>\n\t<meta name=\"twitter:data1\" content=\"2 minutos\" \/>\r\n<script type=\"application\/ld+json\" class=\"yoast-schema-graph\">{\"@context\":\"https:\/\/schema.org\",\"@graph\":[{\"@type\":\"WebPage\",\"@id\":\"https:\/\/www.humbrall.com\/inicio\/index.php\/landing-page\/\",\"url\":\"https:\/\/www.humbrall.com\/inicio\/index.php\/landing-page\/\",\"name\":\"Landing Page - Humbrall\",\"isPartOf\":{\"@id\":\"https:\/\/www.humbrall.com\/inicio\/#website\"},\"datePublished\":\"2023-04-20T20:14:58+00:00\",\"dateModified\":\"2023-06-13T18:56:11+00:00\",\"breadcrumb\":{\"@id\":\"https:\/\/www.humbrall.com\/inicio\/index.php\/landing-page\/#breadcrumb\"},\"inLanguage\":\"es\",\"potentialAction\":[{\"@type\":\"ReadAction\",\"target\":[\"https:\/\/www.humbrall.com\/inicio\/index.php\/landing-page\/\"]}]},{\"@type\":\"BreadcrumbList\",\"@id\":\"https:\/\/www.humbrall.com\/inicio\/index.php\/landing-page\/#breadcrumb\",\"itemListElement\":[{\"@type\":\"ListItem\",\"position\":1,\"name\":\"Portada\",\"item\":\"https:\/\/www.humbrall.com\/inicio\/\"},{\"@type\":\"ListItem\",\"position\":2,\"name\":\"Landing Page\"}]},{\"@type\":\"WebSite\",\"@id\":\"https:\/\/www.humbrall.com\/inicio\/#website\",\"url\":\"https:\/\/www.humbrall.com\/inicio\/\",\"name\":\"Humbrall\",\"description\":\"Conectando con visi\u00f3n las urbes del futuro\",\"potentialAction\":[{\"@type\":\"SearchAction\",\"target\":{\"@type\":\"EntryPoint\",\"urlTemplate\":\"https:\/\/www.humbrall.com\/inicio\/?s={search_term_string}\"},\"query-input\":\"required name=search_term_string\"}],\"inLanguage\":\"es\"}]}<\/script>\r\n<!-- \/ Yoast SEO plugin. -->","yoast_head_json":{"title":"Landing Page - Humbrall","robots":{"index":"index","follow":"follow","max-snippet":"max-snippet:-1","max-image-preview":"max-image-preview:large","max-video-preview":"max-video-preview:-1"},"canonical":"https:\/\/www.humbrall.com\/inicio\/index.php\/landing-page\/","og_locale":"es_ES","og_type":"article","og_title":"Landing Page - Humbrall","og_description":"Bienvenido a Humbrall Se parte del mundo Humbrall. Registrate para obtener grandes beneficios, promociones y descuentos.Humbrall, empresa orgullosamente mexicana con m\u00e1s de 28 a\u00f1os, nos dedicamos al dise\u00f1o, fabricaci\u00f3n, y comercializaci\u00f3n de soluciones para los sectores de telecomunicaciones, fibra \u00f3ptica y energ\u00eda, la calidad de nuestros productos nos distingue nacional e internacionalmente, logrando as\u00ed un [&hellip;]","og_url":"https:\/\/www.humbrall.com\/inicio\/index.php\/landing-page\/","og_site_name":"Humbrall","article_modified_time":"2023-06-13T18:56:11+00:00","twitter_card":"summary_large_image","twitter_misc":{"Tiempo de lectura":"2 minutos"},"schema":{"@context":"https:\/\/schema.org","@graph":[{"@type":"WebPage","@id":"https:\/\/www.humbrall.com\/inicio\/index.php\/landing-page\/","url":"https:\/\/www.humbrall.com\/inicio\/index.php\/landing-page\/","name":"Landing Page - Humbrall","isPartOf":{"@id":"https:\/\/www.humbrall.com\/inicio\/#website"},"datePublished":"2023-04-20T20:14:58+00:00","dateModified":"2023-06-13T18:56:11+00:00","breadcrumb":{"@id":"https:\/\/www.humbrall.com\/inicio\/index.php\/landing-page\/#breadcrumb"},"inLanguage":"es","potentialAction":[{"@type":"ReadAction","target":["https:\/\/www.humbrall.com\/inicio\/index.php\/landing-page\/"]}]},{"@type":"BreadcrumbList","@id":"https:\/\/www.humbrall.com\/inicio\/index.php\/landing-page\/#breadcrumb","itemListElement":[{"@type":"ListItem","position":1,"name":"Portada","item":"https:\/\/www.humbrall.com\/inicio\/"},{"@type":"ListItem","position":2,"name":"Landing Page"}]},{"@type":"WebSite","@id":"https:\/\/www.humbrall.com\/inicio\/#website","url":"https:\/\/www.humbrall.com\/inicio\/","name":"Humbrall","description":"Conectando con visi\u00f3n las urbes del futuro","potentialAction":[{"@type":"SearchAction","target":{"@type":"EntryPoint","urlTemplate":"https:\/\/www.humbrall.com\/inicio\/?s={search_term_string}"},"query-input":"required name=search_term_string"}],"inLanguage":"es"}]}},"_links":{"self":[{"href":"https:\/\/www.humbrall.com\/inicio\/index.php\/wp-json\/wp\/v2\/pages\/32233"}],"collection":[{"href":"https:\/\/www.humbrall.com\/inicio\/index.php\/wp-json\/wp\/v2\/pages"}],"about":[{"href":"https:\/\/www.humbrall.com\/inicio\/index.php\/wp-json\/wp\/v2\/types\/page"}],"author":[{"embeddable":true,"href":"https:\/\/www.humbrall.com\/inicio\/index.php\/wp-json\/wp\/v2\/users\/2"}],"replies":[{"embeddable":true,"href":"https:\/\/www.humbrall.com\/inicio\/index.php\/wp-json\/wp\/v2\/comments?post=32233"}],"version-history":[{"count":87,"href":"https:\/\/www.humbrall.com\/inicio\/index.php\/wp-json\/wp\/v2\/pages\/32233\/revisions"}],"predecessor-version":[{"id":32448,"href":"https:\/\/www.humbrall.com\/inicio\/index.php\/wp-json\/wp\/v2\/pages\/32233\/revisions\/32448"}],"wp:attachment":[{"href":"https:\/\/www.humbrall.com\/inicio\/index.php\/wp-json\/wp\/v2\/media?parent=32233"}],"curies":[{"name":"wp","href":"https:\/\/api.w.org\/{rel}","templated":true}]}}