{"id":495,"date":"2022-04-11T22:54:29","date_gmt":"2022-04-11T22:54:29","guid":{"rendered":"https:\/\/humbrall.com\/inicio\/?post_type=product&#038;p=495"},"modified":"2023-03-22T02:13:03","modified_gmt":"2023-03-22T02:13:03","slug":"caja-de-empalme-para-cgfo-opgw-y-adss-tipo-domo","status":"publish","type":"product","link":"https:\/\/www.humbrall.com\/inicio\/index.php\/producto\/caja-de-empalme-para-cgfo-opgw-y-adss-tipo-domo\/","title":{"rendered":"Caja de empalme para CGFO, OPGW y ADSS tipo domo"},"content":{"rendered":"<p>[et_pb_section fb_built=\u00bb1&#8243; _builder_version=\u00bb4.9.2&#8243; _module_preset=\u00bbdefault\u00bb background_color_gradient_direction=\u00bb135deg\u00bb transform_scale=\u00bb125%|125%\u00bb transform_scale_tablet=\u00bb\u00bb transform_scale_phone=\u00bb\u00bb transform_scale_last_edited=\u00bbon|phone\u00bb transform_translate_tablet=\u00bb\u00bb transform_translate_phone=\u00bb\u00bb transform_translate_last_edited=\u00bbon|desktop\u00bb transform_rotate_tablet=\u00bb\u00bb transform_rotate_phone=\u00bb\u00bb transform_rotate_last_edited=\u00bbon|desktop\u00bb transform_skew_tablet=\u00bb\u00bb transform_skew_phone=\u00bb\u00bb transform_skew_last_edited=\u00bbon|desktop\u00bb transform_origin_tablet=\u00bb\u00bb transform_origin_phone=\u00bb\u00bb transform_origin_last_edited=\u00bbon|desktop\u00bb width=\u00bb100%\u00bb width_tablet=\u00bb\u00bb width_phone=\u00bb100%\u00bb width_last_edited=\u00bbon|phone\u00bb max_width=\u00bb100%\u00bb max_width_tablet=\u00bb\u00bb max_width_phone=\u00bb\u00bb max_width_last_edited=\u00bbon|phone\u00bb custom_margin=\u00bb-41px||||false|false\u00bb bottom_divider_style=\u00bbramp2&#8243; bottom_divider_color=\u00bb#FFFFFF\u00bb bottom_divider_flip=\u00bbhorizontal\u00bb bottom_divider_style_tablet=\u00bb\u00bb bottom_divider_style_phone=\u00bb\u00bb bottom_divider_style_last_edited=\u00bbon|phone\u00bb hover_enabled=\u00bb0&#8243; locked=\u00bboff\u00bb sticky_enabled=\u00bb0&#8243;][et_pb_row _builder_version=\u00bb4.9.2&#8243; _module_preset=\u00bbdefault\u00bb][et_pb_column type=\u00bb4_4&#8243; _builder_version=\u00bb4.9.2&#8243; _module_preset=\u00bbdefault\u00bb][et_pb_text content_tablet=\u00bb<\/p>\n<h3 style=%22text-align: left;%22><span style=%22color: #ffffff;%22><strong>Soluciones Fibra \u00d3ptica<\/strong><\/span><\/h3>\n<p>\u00bb content_phone=\u00bb<\/p>\n<h3 style=%22text-align: left;%22><span style=%22color: #ffffff;%22><strong> Soluciones Fibra \u00d3ptica<\/strong><\/span><\/h3>\n<p>\u00bb content_last_edited=\u00bbon|phone\u00bb _builder_version=\u00bb4.9.2&#8243; _module_preset=\u00bbdefault\u00bb text_font_size=\u00bb30px\u00bb custom_margin=\u00bb-15px|||-68px|false|false\u00bb custom_margin_tablet=\u00bb-6px||||false|false\u00bb custom_margin_phone=\u00bb-55px|||-7px|false|false\u00bb custom_margin_last_edited=\u00bbon|phone\u00bb]<\/p>\n<p style=\"text-align: left;\"><span style=\"color: #ffffff;\"><strong>Soluciones Fibra \u00d3ptica<\/strong><\/span><\/p>\n<p>[\/et_pb_text][\/et_pb_column][\/et_pb_row][\/et_pb_section][et_pb_section fb_built=\u00bb1&#8243; _builder_version=\u00bb4.9.2&#8243; use_background_color_gradient=\u00bboff\u00bb custom_margin=\u00bb55px||||false|false\u00bb custom_padding=\u00bb0px||0px||false|false\u00bb use_background_color_gradient_tablet=\u00bboff\u00bb use_background_color_gradient_phone=\u00bboff\u00bb][et_pb_row column_structure=\u00bb1_2,1_2&#8243; _builder_version=\u00bb4.9.2&#8243; background_size=\u00bbinitial\u00bb background_position=\u00bbtop_left\u00bb background_repeat=\u00bbrepeat\u00bb width=\u00bb100%\u00bb custom_padding=\u00bb0px||||false|false\u00bb][et_pb_column type=\u00bb1_2&#8243; _builder_version=\u00bb3.25&#8243; custom_padding=\u00bb|||\u00bb custom_padding__hover=\u00bb|||\u00bb][et_pb_wc_title _builder_version=\u00bb4.9.2&#8243; header_level=\u00bbh3&#8243; header_text_align=\u00bbcenter\u00bb header_font_size=\u00bb25px\u00bb][\/et_pb_wc_title][et_pb_wc_images show_sale_badge=\u00bboff\u00bb _builder_version=\u00bb4.9.2&#8243; transform_scale=\u00bb90%|90%\u00bb transform_scale_tablet=\u00bb100%|100%\u00bb transform_scale_phone=\u00bb100%|100%\u00bb transform_scale_last_edited=\u00bbon|phone\u00bb transform_translate_tablet=\u00bb\u00bb transform_translate_phone=\u00bb\u00bb transform_translate_last_edited=\u00bbon|desktop\u00bb transform_rotate_tablet=\u00bb\u00bb transform_rotate_phone=\u00bb\u00bb transform_rotate_last_edited=\u00bbon|desktop\u00bb transform_skew_tablet=\u00bb\u00bb transform_skew_phone=\u00bb\u00bb transform_skew_last_edited=\u00bbon|desktop\u00bb transform_origin_tablet=\u00bb\u00bb transform_origin_phone=\u00bb\u00bb transform_origin_last_edited=\u00bbon|desktop\u00bb transform_styles_last_edited=\u00bbon|phone\u00bb animation_style=\u00bbfade\u00bb transform_styles_tablet=\u00bb\u00bb transform_styles_phone=\u00bb\u00bb][\/et_pb_wc_images][\/et_pb_column][et_pb_column type=\u00bb1_2&#8243; _builder_version=\u00bb3.25&#8243; custom_padding=\u00bb|||\u00bb custom_padding__hover=\u00bb|||\u00bb][et_pb_wc_description _builder_version=\u00bb4.9.2&#8243; body_font_size=\u00bb17px\u00bb text_orientation=\u00bbjustified\u00bb min_height=\u00bb52.6px\u00bb][\/et_pb_wc_description][et_pb_wc_rating _builder_version=\u00bb3.0.47&#8243; custom_padding=\u00bb||0px|||\u00bb][\/et_pb_wc_rating][et_pb_divider _builder_version=\u00bb4.9.2&#8243; _module_preset=\u00bbdefault\u00bb custom_margin=\u00bb||-2px|||\u00bb custom_padding=\u00bb||0px|||\u00bb][\/et_pb_divider][et_pb_text _builder_version=\u00bb4.9.2&#8243; _module_preset=\u00bbdefault\u00bb]<\/p>\n<p>Categor\u00eda: <a href=\"https:\/\/www.humbrall.com\/inicio\/index.php\/soluciones-fibra-optica\/\">Soluciones Fibra \u00d3ptica<\/a><\/p>\n<p>[\/et_pb_text][et_pb_toggle title=\u00bbVer Especificaciones\u00bb icon_color=\u00bb#278730&#8243; use_icon_font_size=\u00bbon\u00bb icon_font_size=\u00bb30px\u00bb content_tablet=\u00bb<\/p>\n<div style=%22overflow-x: auto;%22>\n<table style=%22width: 100%; border-collapse: collapse; border-style: solid; border-color: #ffffff; background-color: #278730; margin-left: auto; margin-right: auto; height: 96px;%22 border=%222%22>\n<caption> <\/caption>\n<tbody>\n<tr style=%22height: 24px;%22>\n<td style=%22height: 24px; text-align: center; width: 5%;%22><span style=%22color: #ffffff;%22>C\u00f3digo<\/span><\/td>\n<td style=%22height: 24px; text-align: center; width: 5%;%22><span style=%22color: #ffffff;%22> Descripci\u00f3n<\/span><\/td>\n<\/tr>\n<tr style=%22height: 24px; background-color: #12876f; text-align: center;%22>\n<td style=%22height: 24px; text-align: center; border-style: solid; border-color: #ffffff; background-color: #e5e4e4; width: 5%;%22>A31C00200<\/td>\n<td style=%22height: 24px; border-style: solid; border-color: #ffffff; background-color: #e5e4e4; width: 5%;%22>De 12 a 96 Fibras<\/td>\n<\/tr>\n<\/tbody>\n<\/table>\n<\/div>\n<p>\u00bb content_phone=\u00bb<\/p>\n<div style=%22overflow-x: auto;%22>\n<table style=%22width: 100%; border-collapse: collapse; border-style: solid; border-color: #ffffff; background-color: #278730; margin-left: auto; margin-right: auto; height: 96px;%22 border=%222%22>\n<caption> <\/caption>\n<tbody>\n<tr style=%22height: 24px;%22>\n<td style=%22height: 24px; text-align: center; width: 5%;%22><span style=%22color: #ffffff;%22>C\u00f3digo<\/span><\/td>\n<td style=%22height: 24px; text-align: center; width: 5%;%22><span style=%22color: #ffffff;%22> Descripci\u00f3n<\/span><\/td>\n<\/tr>\n<tr style=%22height: 24px; background-color: #12876f; text-align: center;%22>\n<td style=%22height: 24px; text-align: center; border-style: solid; border-color: #ffffff; background-color: #e5e4e4; width: 5%;%22>A31C00200<\/td>\n<td style=%22height: 24px; border-style: solid; border-color: #ffffff; background-color: #e5e4e4; width: 5%;%22>De 12 a 96 Fibras<\/td>\n<\/tr>\n<\/tbody>\n<\/table>\n<\/div>\n<p>\u00bb content_last_edited=\u00bbon|phone\u00bb icon_color_tablet=\u00bb\u00bb icon_color_phone=\u00bb#278730&#8243; icon_color_last_edited=\u00bbon|phone\u00bb icon_font_size_tablet=\u00bb\u00bb icon_font_size_phone=\u00bb\u00bb icon_font_size_last_edited=\u00bbon|desktop\u00bb _builder_version=\u00bb4.9.2&#8243; _module_preset=\u00bbdefault\u00bb title_font=\u00bb|600|||||||\u00bb custom_margin=\u00bb||38px|||\u00bb]<\/p>\n<div style=\"overflow-x: auto;\">\n<table style=\"width: 100%; border-collapse: collapse; border-style: solid; border-color: #ffffff; background-color: #278730; margin-left: auto; margin-right: auto; height: 96px;\" border=\"2\">\n<caption>\u00a0<\/caption>\n<tbody>\n<tr style=\"height: 24px;\">\n<td style=\"height: 24px; text-align: center; width: 5%;\"><span style=\"color: #ffffff;\">C\u00f3digo<\/span><\/td>\n<td style=\"height: 24px; text-align: center; width: 5%;\"><span style=\"color: #ffffff;\">\u00a0Descripci\u00f3n<\/span><\/td>\n<\/tr>\n<tr style=\"height: 24px; background-color: #12876f; text-align: center;\">\n<td style=\"height: 24px; text-align: center; border-style: solid; border-color: #ffffff; background-color: #e5e4e4; width: 5%;\">A31C00200<\/td>\n<td style=\"height: 24px; border-style: solid; border-color: #ffffff; background-color: #e5e4e4; width: 5%;\">De 12 a 96 Fibras<\/td>\n<\/tr>\n<\/tbody>\n<\/table>\n<\/div>\n<p>[\/et_pb_toggle][et_pb_button button_url=\u00bbhttps:\/\/www.humbrall.com\/inicio\/index.php\/soluciones-fibra-optica\/\u00bb button_text=\u00bbRegresar\u00bb button_text_tablet=\u00bbRegresar\u00bb button_text_phone=\u00bbRegresar\u00bb button_text_last_edited=\u00bbon|phone\u00bb _builder_version=\u00bb4.9.2&#8243; _module_preset=\u00bbdefault\u00bb custom_button=\u00bbon\u00bb button_text_size=\u00bb16px\u00bb button_text_color=\u00bb#FFFFFF\u00bb button_bg_color=\u00bb#278730&#8243; button_border_width=\u00bb0px\u00bb button_border_radius=\u00bb6px\u00bb button_icon=\u00bb%%35%%\u00bb button_icon_color=\u00bb#FFFFFF\u00bb button_bg_color_tablet=\u00bb\u00bb button_bg_color_phone=\u00bb\u00bb button_bg_color_last_edited=\u00bbon|phone\u00bb button_icon_tablet=\u00bb%%35%%\u00bb button_icon_phone=\u00bb%%35%%\u00bb button_icon_last_edited=\u00bbon|phone\u00bb locked=\u00bboff\u00bb][\/et_pb_button][et_pb_button button_url=\u00bbhttps:\/\/api.whatsapp.com\/send?phone=+525534333115&#038;text=Me%20interesa%20este%20producto!%20%20%20https:\/\/www.humbrall.com\/inicio\/index.php\/producto\/caja-de-empalme-para-cgfo-opgw-y-adss-tipo-domo\/\u00bb button_text=\u00bbCotizar\u00bb _builder_version=\u00bb4.9.2&#8243; _module_preset=\u00bbdefault\u00bb custom_button=\u00bbon\u00bb button_text_size=\u00bb16px\u00bb button_text_color=\u00bb#032B35&#8243; button_bg_color=\u00bb#aac409&#8243; button_bg_color_gradient_direction=\u00bb64deg\u00bb button_border_width=\u00bb0px\u00bb button_font=\u00bb|600|||||||\u00bb button_icon=\u00bb%%194%%\u00bb button_icon_color=\u00bbRGBA(0,0,0,0)\u00bb button_text_color_tablet=\u00bb#032B35&#8243; button_text_color_phone=\u00bb#032B35&#8243; button_text_color_last_edited=\u00bbon|phone\u00bb button_bg_color_tablet=\u00bb\u00bb button_bg_color_phone=\u00bb#aac409&#8243; button_bg_color_last_edited=\u00bbon|desktop\u00bb button_bg_enable_color_phone=\u00bbon\u00bb locked=\u00bboff\u00bb][\/et_pb_button][\/et_pb_column][\/et_pb_row][et_pb_row _builder_version=\u00bb4.9.2&#8243; _module_preset=\u00bbdefault\u00bb width=\u00bb100%\u00bb width_tablet=\u00bb\u00bb width_phone=\u00bb100%\u00bb width_last_edited=\u00bbon|phone\u00bb locked=\u00bboff\u00bb collapsed=\u00bboff\u00bb][et_pb_column type=\u00bb4_4&#8243; _builder_version=\u00bb4.9.2&#8243; _module_preset=\u00bbdefault\u00bb][et_pb_divider divider_weight=\u00bb2px\u00bb _builder_version=\u00bb4.9.2&#8243; _module_preset=\u00bbdefault\u00bb custom_margin=\u00bb||1px|||\u00bb][\/et_pb_divider][et_pb_wc_upsells posts_number=\u00bb6&#8243; columns_number=\u00bb6&#8243; orderby=\u00bbmenu_order\u00bb _builder_version=\u00bb4.9.2&#8243;][\/et_pb_wc_upsells][et_pb_wc_related_products posts_number=\u00bb6&#8243; columns_number=\u00bb6&#8243; orderby=\u00bbmenu_order\u00bb icon_hover_color=\u00bbrgba(255,255,255,0.45)\u00bb hover_overlay_color=\u00bbrgba(0,0,0,0.23)\u00bb hover_icon=\u00bb%%200%%\u00bb icon_hover_color_tablet=\u00bbrgba(255,255,255,0.45)\u00bb icon_hover_color_phone=\u00bbrgba(255,255,255,0.45)\u00bb icon_hover_color_last_edited=\u00bbon|phone\u00bb hover_overlay_color_tablet=\u00bbrgba(0,0,0,0.23)\u00bb hover_overlay_color_phone=\u00bbrgba(0,0,0,0.23)\u00bb hover_overlay_color_last_edited=\u00bbon|desktop\u00bb hover_icon_tablet=\u00bb%%200%%\u00bb hover_icon_phone=\u00bb%%200%%\u00bb hover_icon_last_edited=\u00bbon|phone\u00bb admin_label=\u00bbWoo Producto relacionado\u00bb _builder_version=\u00bb4.9.2&#8243; title_font_size=\u00bb20px\u00bb product_title_text_align=\u00bbcenter\u00bb product_title_font_size=\u00bb16px\u00bb custom_margin=\u00bb-14px|||||\u00bb][\/et_pb_wc_related_products][\/et_pb_column][\/et_pb_row][\/et_pb_section]<\/p>\n","protected":false},"excerpt":{"rendered":"<p>Dise\u00f1ada para trabajar con diferentes di\u00e1metros de cable . Cuenta con un puerto de entrada en forma de \u00f3valo y 6 o 18 puertos redondos para entrada o salida de cables en la base. Apta para diferentes tipos de ambientes, sellada herm\u00e9ticamente con pinza y sistema de anillos. Cuenta con kits de cable para sellados adecuados.<\/p>\n","protected":false},"featured_media":975,"comment_status":"open","ping_status":"closed","template":"","meta":{"_et_pb_use_builder":"on","_et_pb_old_content":"","_et_gb_content_width":""},"product_cat":[18],"product_tag":[],"yoast_head":"<!-- This site is optimized with the Yoast SEO plugin v20.5 - https:\/\/yoast.com\/wordpress\/plugins\/seo\/ -->\r\n<title>Caja de empalme para CGFO, OPGW y ADSS tipo domo - Humbrall<\/title>\r\n<meta name=\"description\" content=\"Dise\u00f1ada para trabajar con diferentes di\u00e1metros de cable . Cuenta con un puerto de entrada en forma de \u00f3valo y 6 o 18 puertos redondos.\" \/>\r\n<meta name=\"robots\" content=\"index, follow, max-snippet:-1, max-image-preview:large, max-video-preview:-1\" \/>\r\n<link rel=\"canonical\" href=\"https:\/\/www.humbrall.com\/inicio\/index.php\/producto\/caja-de-empalme-para-cgfo-opgw-y-adss-tipo-domo\/\" \/>\r\n<meta property=\"og:locale\" content=\"es_ES\" \/>\r\n<meta property=\"og:type\" content=\"article\" \/>\r\n<meta property=\"og:title\" content=\"Caja de empalme para CGFO, OPGW y ADSS tipo domo - Humbrall\" \/>\r\n<meta property=\"og:description\" content=\"Dise\u00f1ada para trabajar con diferentes di\u00e1metros de cable . Cuenta con un puerto de entrada en forma de \u00f3valo y 6 o 18 puertos redondos.\" \/>\r\n<meta property=\"og:url\" content=\"https:\/\/www.humbrall.com\/inicio\/index.php\/producto\/caja-de-empalme-para-cgfo-opgw-y-adss-tipo-domo\/\" \/>\r\n<meta property=\"og:site_name\" content=\"Humbrall\" \/>\r\n<meta property=\"article:modified_time\" content=\"2023-03-22T02:13:03+00:00\" \/>\r\n<meta property=\"og:image\" content=\"https:\/\/www.humbrall.com\/inicio\/wp-content\/uploads\/2022\/04\/caja-de-empalme-tipo-domo-2.jpg\" \/>\r\n\t<meta property=\"og:image:width\" content=\"650\" \/>\r\n\t<meta property=\"og:image:height\" content=\"650\" \/>\r\n\t<meta property=\"og:image:type\" content=\"image\/jpeg\" \/>\r\n<meta name=\"twitter:card\" content=\"summary_large_image\" \/>\r\n<meta name=\"twitter:label1\" content=\"Tiempo de lectura\" \/>\n\t<meta name=\"twitter:data1\" content=\"5 minutos\" \/>\r\n<script type=\"application\/ld+json\" class=\"yoast-schema-graph\">{\"@context\":\"https:\/\/schema.org\",\"@graph\":[{\"@type\":\"WebPage\",\"@id\":\"https:\/\/www.humbrall.com\/inicio\/index.php\/producto\/caja-de-empalme-para-cgfo-opgw-y-adss-tipo-domo\/\",\"url\":\"https:\/\/www.humbrall.com\/inicio\/index.php\/producto\/caja-de-empalme-para-cgfo-opgw-y-adss-tipo-domo\/\",\"name\":\"Caja de empalme para CGFO, OPGW y ADSS tipo domo - Humbrall\",\"isPartOf\":{\"@id\":\"https:\/\/www.humbrall.com\/inicio\/#website\"},\"datePublished\":\"2022-04-11T22:54:29+00:00\",\"dateModified\":\"2023-03-22T02:13:03+00:00\",\"description\":\"Dise\u00f1ada para trabajar con diferentes di\u00e1metros de cable . Cuenta con un puerto de entrada en forma de \u00f3valo y 6 o 18 puertos redondos.\",\"breadcrumb\":{\"@id\":\"https:\/\/www.humbrall.com\/inicio\/index.php\/producto\/caja-de-empalme-para-cgfo-opgw-y-adss-tipo-domo\/#breadcrumb\"},\"inLanguage\":\"es\",\"potentialAction\":[{\"@type\":\"ReadAction\",\"target\":[\"https:\/\/www.humbrall.com\/inicio\/index.php\/producto\/caja-de-empalme-para-cgfo-opgw-y-adss-tipo-domo\/\"]}]},{\"@type\":\"BreadcrumbList\",\"@id\":\"https:\/\/www.humbrall.com\/inicio\/index.php\/producto\/caja-de-empalme-para-cgfo-opgw-y-adss-tipo-domo\/#breadcrumb\",\"itemListElement\":[{\"@type\":\"ListItem\",\"position\":1,\"name\":\"Portada\",\"item\":\"https:\/\/www.humbrall.com\/inicio\/\"},{\"@type\":\"ListItem\",\"position\":2,\"name\":\"Productos\",\"item\":\"https:\/\/www.humbrall.com\/inicio\/index.php\/shop\/\"},{\"@type\":\"ListItem\",\"position\":3,\"name\":\"Caja de empalme para CGFO, OPGW y ADSS tipo domo\"}]},{\"@type\":\"WebSite\",\"@id\":\"https:\/\/www.humbrall.com\/inicio\/#website\",\"url\":\"https:\/\/www.humbrall.com\/inicio\/\",\"name\":\"Humbrall\",\"description\":\"Conectando con visi\u00f3n las urbes del futuro\",\"potentialAction\":[{\"@type\":\"SearchAction\",\"target\":{\"@type\":\"EntryPoint\",\"urlTemplate\":\"https:\/\/www.humbrall.com\/inicio\/?s={search_term_string}\"},\"query-input\":\"required name=search_term_string\"}],\"inLanguage\":\"es\"}]}<\/script>\r\n<!-- \/ Yoast SEO plugin. -->","yoast_head_json":{"title":"Caja de empalme para CGFO, OPGW y ADSS tipo domo - Humbrall","description":"Dise\u00f1ada para trabajar con diferentes di\u00e1metros de cable . Cuenta con un puerto de entrada en forma de \u00f3valo y 6 o 18 puertos redondos.","robots":{"index":"index","follow":"follow","max-snippet":"max-snippet:-1","max-image-preview":"max-image-preview:large","max-video-preview":"max-video-preview:-1"},"canonical":"https:\/\/www.humbrall.com\/inicio\/index.php\/producto\/caja-de-empalme-para-cgfo-opgw-y-adss-tipo-domo\/","og_locale":"es_ES","og_type":"article","og_title":"Caja de empalme para CGFO, OPGW y ADSS tipo domo - Humbrall","og_description":"Dise\u00f1ada para trabajar con diferentes di\u00e1metros de cable . Cuenta con un puerto de entrada en forma de \u00f3valo y 6 o 18 puertos redondos.","og_url":"https:\/\/www.humbrall.com\/inicio\/index.php\/producto\/caja-de-empalme-para-cgfo-opgw-y-adss-tipo-domo\/","og_site_name":"Humbrall","article_modified_time":"2023-03-22T02:13:03+00:00","og_image":[{"width":650,"height":650,"url":"https:\/\/www.humbrall.com\/inicio\/wp-content\/uploads\/2022\/04\/caja-de-empalme-tipo-domo-2.jpg","type":"image\/jpeg"}],"twitter_card":"summary_large_image","twitter_misc":{"Tiempo de lectura":"5 minutos"},"schema":{"@context":"https:\/\/schema.org","@graph":[{"@type":"WebPage","@id":"https:\/\/www.humbrall.com\/inicio\/index.php\/producto\/caja-de-empalme-para-cgfo-opgw-y-adss-tipo-domo\/","url":"https:\/\/www.humbrall.com\/inicio\/index.php\/producto\/caja-de-empalme-para-cgfo-opgw-y-adss-tipo-domo\/","name":"Caja de empalme para CGFO, OPGW y ADSS tipo domo - Humbrall","isPartOf":{"@id":"https:\/\/www.humbrall.com\/inicio\/#website"},"datePublished":"2022-04-11T22:54:29+00:00","dateModified":"2023-03-22T02:13:03+00:00","description":"Dise\u00f1ada para trabajar con diferentes di\u00e1metros de cable . Cuenta con un puerto de entrada en forma de \u00f3valo y 6 o 18 puertos redondos.","breadcrumb":{"@id":"https:\/\/www.humbrall.com\/inicio\/index.php\/producto\/caja-de-empalme-para-cgfo-opgw-y-adss-tipo-domo\/#breadcrumb"},"inLanguage":"es","potentialAction":[{"@type":"ReadAction","target":["https:\/\/www.humbrall.com\/inicio\/index.php\/producto\/caja-de-empalme-para-cgfo-opgw-y-adss-tipo-domo\/"]}]},{"@type":"BreadcrumbList","@id":"https:\/\/www.humbrall.com\/inicio\/index.php\/producto\/caja-de-empalme-para-cgfo-opgw-y-adss-tipo-domo\/#breadcrumb","itemListElement":[{"@type":"ListItem","position":1,"name":"Portada","item":"https:\/\/www.humbrall.com\/inicio\/"},{"@type":"ListItem","position":2,"name":"Productos","item":"https:\/\/www.humbrall.com\/inicio\/index.php\/shop\/"},{"@type":"ListItem","position":3,"name":"Caja de empalme para CGFO, OPGW y ADSS tipo domo"}]},{"@type":"WebSite","@id":"https:\/\/www.humbrall.com\/inicio\/#website","url":"https:\/\/www.humbrall.com\/inicio\/","name":"Humbrall","description":"Conectando con visi\u00f3n las urbes del futuro","potentialAction":[{"@type":"SearchAction","target":{"@type":"EntryPoint","urlTemplate":"https:\/\/www.humbrall.com\/inicio\/?s={search_term_string}"},"query-input":"required name=search_term_string"}],"inLanguage":"es"}]}},"_links":{"self":[{"href":"https:\/\/www.humbrall.com\/inicio\/index.php\/wp-json\/wp\/v2\/product\/495"}],"collection":[{"href":"https:\/\/www.humbrall.com\/inicio\/index.php\/wp-json\/wp\/v2\/product"}],"about":[{"href":"https:\/\/www.humbrall.com\/inicio\/index.php\/wp-json\/wp\/v2\/types\/product"}],"replies":[{"embeddable":true,"href":"https:\/\/www.humbrall.com\/inicio\/index.php\/wp-json\/wp\/v2\/comments?post=495"}],"wp:featuredmedia":[{"embeddable":true,"href":"https:\/\/www.humbrall.com\/inicio\/index.php\/wp-json\/wp\/v2\/media\/975"}],"wp:attachment":[{"href":"https:\/\/www.humbrall.com\/inicio\/index.php\/wp-json\/wp\/v2\/media?parent=495"}],"wp:term":[{"taxonomy":"product_cat","embeddable":true,"href":"https:\/\/www.humbrall.com\/inicio\/index.php\/wp-json\/wp\/v2\/product_cat?post=495"},{"taxonomy":"product_tag","embeddable":true,"href":"https:\/\/www.humbrall.com\/inicio\/index.php\/wp-json\/wp\/v2\/product_tag?post=495"}],"curies":[{"name":"wp","href":"https:\/\/api.w.org\/{rel}","templated":true}]}}